{"id":263,"date":"2018-07-10T20:49:29","date_gmt":"2018-07-10T20:49:29","guid":{"rendered":"http:\/\/infinitofotografia.com.br\/wp2\/?page_id=263"},"modified":"2018-07-25T17:05:57","modified_gmt":"2018-07-25T17:05:57","slug":"educacao","status":"publish","type":"page","link":"http:\/\/infinitofotografia.com.br\/wp2\/educacao\/","title":{"rendered":"Educa\u00e7\u00e3o"},"content":{"rendered":"<p>A <strong>Infinito Fotografia<\/strong> compartilha seu amor pela fotografia com todos aqueles que participam de seus Cursos, Passeios e Workshops.<\/p>\n<p>Para n\u00f3s a fotografia \u00e9 muito mais do que uma imagem. \u00c9 ver, sentir e respirar um momento \u00fanico que ser\u00e1 eternizado.<\/p>\n<p>Aprenda conosco a sentir a fotografia!&nbsp;<\/p>\n<p>&nbsp;<\/p>\n<h3><a href=\"http:\/\/infinitofotografia.com.br\/wp2\/cursos\/\">Cursos<\/a><\/h3>\n<p><a href=\"http:\/\/infinitofotografia.com.br\/wp2\/cursos\/\"><img loading=\"lazy\" decoding=\"async\" class=\"wp-image-351 size-full alignleft\" src=\"http:\/\/infinitofotografia.com.br\/wp2\/wp-content\/uploads\/2018\/07\/Paranapiacaba_11_peq_by_EricoMabellini.jpg\" alt=\"\" width=\"200\" height=\"130\"><\/a><\/p>\n<p>Nossos Cursos s\u00e3o preparados para qualquer numero de pessoas e podem ser ao ar livre, em uma sala por n\u00f3s determinada ou ent\u00e3o em sua resid\u00eancia, condom\u00ednio ou empresa.<\/p>\n<p>&nbsp;<\/p>\n<h3>&nbsp;<\/h3>\n<h3>&nbsp;<\/h3>\n<p>&nbsp;<\/p>\n<h3><a href=\"http:\/\/infinitofotografia.com.br\/wp2\/passeios\/\"><strong>Passeios<\/strong><\/a><\/h3>\n<p><a href=\"http:\/\/infinitofotografia.com.br\/wp2\/passeios\/\"><img loading=\"lazy\" decoding=\"async\" class=\"wp-image-352 size-full alignleft\" src=\"http:\/\/infinitofotografia.com.br\/wp2\/wp-content\/uploads\/2018\/07\/Paranapiacaba_peq_by_EricoMabellini.jpg\" alt=\"\" width=\"200\" height=\"130\"><\/a>Um breve passeio, uma excurs\u00e3o ou uma viajem transformam-se em uma experi\u00eancia muito mais enriquecedora quando feitos com amigos que compartilham de uma mesma paix\u00e3o. Venha participar conosco.<\/p>\n<p>&nbsp;<\/p>\n<h3>&nbsp;<\/h3>\n<h3>&nbsp;<\/h3>\n<h3><a href=\"http:\/\/infinitofotografia.com.br\/wp2\/workshops\/\">Workshops<\/a><\/h3>\n<p><a href=\"http:\/\/infinitofotografia.com.br\/wp2\/workshops\/\"><img loading=\"lazy\" decoding=\"async\" class=\"wp-image-350 size-full alignleft\" src=\"http:\/\/infinitofotografia.com.br\/wp2\/wp-content\/uploads\/2018\/07\/Festa-das-Cerejeiras_05_peq_by_EricoMabellini.jpg\" alt=\"\" width=\"200\" height=\"130\"><\/a>A&nbsp;<strong>Infinito Fotografia<\/strong>&nbsp;orgulha-se de ter em seu quadro de amigos e parceiros, profissionais que t\u00eam amor pelo seu of\u00edcio. Nossos Workshops s\u00e3o mais do que simples aulas, s\u00e3o a transmiss\u00e3o de conhecimentos e sentimentos em forma de imagens.<\/p>\n<p>&nbsp;<\/p>\n","protected":false},"excerpt":{"rendered":"<p>A Infinito Fotografia compartilha seu amor pela fotografia com todos aqueles que participam de seus Cursos, Passeios e Workshops. Para n\u00f3s a fotografia \u00e9 muito mais do que uma imagem. \u00c9 ver, sentir e respirar um momento \u00fanico que ser\u00e1 eternizado. Aprenda conosco a sentir a fotografia!&nbsp; &nbsp; Cursos Nossos Cursos s\u00e3o preparados para qualquer [&hellip;]<\/p>\n","protected":false},"author":1,"featured_media":0,"parent":0,"menu_order":0,"comment_status":"closed","ping_status":"closed","template":"","meta":{"footnotes":""},"class_list":["post-263","page","type-page","status-publish","hentry"],"yoast_head":"<!-- This site is optimized with the Yoast SEO plugin v27.5 - https:\/\/yoast.com\/product\/yoast-seo-wordpress\/ -->\n<title>Educa\u00e7\u00e3o &#8902; Infinito Fotografia<\/title>\n<meta name=\"robots\" content=\"index, follow, max-snippet:-1, max-image-preview:large, max-video-preview:-1\" \/>\n<link rel=\"canonical\" href=\"http:\/\/infinitofotografia.com.br\/wp2\/educacao\/\" \/>\n<meta property=\"og:locale\" content=\"pt_PT\" \/>\n<meta property=\"og:type\" content=\"article\" \/>\n<meta property=\"og:title\" content=\"Educa\u00e7\u00e3o &#8902; Infinito Fotografia\" \/>\n<meta property=\"og:description\" content=\"A Infinito Fotografia compartilha seu amor pela fotografia com todos aqueles que participam de seus Cursos, Passeios e Workshops. Para n\u00f3s a fotografia \u00e9 muito mais do que uma imagem. \u00c9 ver, sentir e respirar um momento \u00fanico que ser\u00e1 eternizado. Aprenda conosco a sentir a fotografia!&nbsp; &nbsp; Cursos Nossos Cursos s\u00e3o preparados para qualquer [&hellip;]\" \/>\n<meta property=\"og:url\" content=\"http:\/\/infinitofotografia.com.br\/wp2\/educacao\/\" \/>\n<meta property=\"og:site_name\" content=\"Infinito Fotografia\" \/>\n<meta property=\"article:publisher\" content=\"https:\/\/www.facebook.com\/infinitophotografia\/\" \/>\n<meta property=\"article:modified_time\" content=\"2018-07-25T17:05:57+00:00\" \/>\n<meta property=\"og:image\" content=\"http:\/\/infinitofotografia.com.br\/wp2\/wp-content\/uploads\/2018\/07\/Paranapiacaba_11_peq_by_EricoMabellini.jpg\" \/>\n<meta name=\"twitter:card\" content=\"summary_large_image\" \/>\n<meta name=\"twitter:label1\" content=\"Tempo estimado de leitura\" \/>\n\t<meta name=\"twitter:data1\" content=\"1 minuto\" \/>\n<script type=\"application\/ld+json\" class=\"yoast-schema-graph\">{\"@context\":\"https:\\\/\\\/schema.org\",\"@graph\":[{\"@type\":\"WebPage\",\"@id\":\"http:\\\/\\\/infinitofotografia.com.br\\\/wp2\\\/educacao\\\/\",\"url\":\"http:\\\/\\\/infinitofotografia.com.br\\\/wp2\\\/educacao\\\/\",\"name\":\"Educa\u00e7\u00e3o &#8902; Infinito Fotografia\",\"isPartOf\":{\"@id\":\"http:\\\/\\\/infinitofotografia.com.br\\\/wp2\\\/#website\"},\"primaryImageOfPage\":{\"@id\":\"http:\\\/\\\/infinitofotografia.com.br\\\/wp2\\\/educacao\\\/#primaryimage\"},\"image\":{\"@id\":\"http:\\\/\\\/infinitofotografia.com.br\\\/wp2\\\/educacao\\\/#primaryimage\"},\"thumbnailUrl\":\"http:\\\/\\\/infinitofotografia.com.br\\\/wp2\\\/wp-content\\\/uploads\\\/2018\\\/07\\\/Paranapiacaba_11_peq_by_EricoMabellini.jpg\",\"datePublished\":\"2018-07-10T20:49:29+00:00\",\"dateModified\":\"2018-07-25T17:05:57+00:00\",\"breadcrumb\":{\"@id\":\"http:\\\/\\\/infinitofotografia.com.br\\\/wp2\\\/educacao\\\/#breadcrumb\"},\"inLanguage\":\"pt-PT\",\"potentialAction\":[{\"@type\":\"ReadAction\",\"target\":[\"http:\\\/\\\/infinitofotografia.com.br\\\/wp2\\\/educacao\\\/\"]}]},{\"@type\":\"ImageObject\",\"inLanguage\":\"pt-PT\",\"@id\":\"http:\\\/\\\/infinitofotografia.com.br\\\/wp2\\\/educacao\\\/#primaryimage\",\"url\":\"http:\\\/\\\/infinitofotografia.com.br\\\/wp2\\\/wp-content\\\/uploads\\\/2018\\\/07\\\/Paranapiacaba_11_peq_by_EricoMabellini.jpg\",\"contentUrl\":\"http:\\\/\\\/infinitofotografia.com.br\\\/wp2\\\/wp-content\\\/uploads\\\/2018\\\/07\\\/Paranapiacaba_11_peq_by_EricoMabellini.jpg\",\"width\":200,\"height\":130},{\"@type\":\"BreadcrumbList\",\"@id\":\"http:\\\/\\\/infinitofotografia.com.br\\\/wp2\\\/educacao\\\/#breadcrumb\",\"itemListElement\":[{\"@type\":\"ListItem\",\"position\":1,\"name\":\"In\u00edcio\",\"item\":\"http:\\\/\\\/infinitofotografia.com.br\\\/wp2\\\/\"},{\"@type\":\"ListItem\",\"position\":2,\"name\":\"Educa\u00e7\u00e3o\"}]},{\"@type\":\"WebSite\",\"@id\":\"http:\\\/\\\/infinitofotografia.com.br\\\/wp2\\\/#website\",\"url\":\"http:\\\/\\\/infinitofotografia.com.br\\\/wp2\\\/\",\"name\":\"Infinito Fotografia\",\"description\":\"\",\"publisher\":{\"@id\":\"http:\\\/\\\/infinitofotografia.com.br\\\/wp2\\\/#organization\"},\"potentialAction\":[{\"@type\":\"SearchAction\",\"target\":{\"@type\":\"EntryPoint\",\"urlTemplate\":\"http:\\\/\\\/infinitofotografia.com.br\\\/wp2\\\/?s={search_term_string}\"},\"query-input\":{\"@type\":\"PropertyValueSpecification\",\"valueRequired\":true,\"valueName\":\"search_term_string\"}}],\"inLanguage\":\"pt-PT\"},{\"@type\":\"Organization\",\"@id\":\"http:\\\/\\\/infinitofotografia.com.br\\\/wp2\\\/#organization\",\"name\":\"Infinito Fotografia\",\"url\":\"http:\\\/\\\/infinitofotografia.com.br\\\/wp2\\\/\",\"logo\":{\"@type\":\"ImageObject\",\"inLanguage\":\"pt-PT\",\"@id\":\"http:\\\/\\\/infinitofotografia.com.br\\\/wp2\\\/#\\\/schema\\\/logo\\\/image\\\/\",\"url\":\"http:\\\/\\\/infinitofotografia.com.br\\\/wp2\\\/wp-content\\\/uploads\\\/2018\\\/06\\\/infinito_fotografia_logo_home.png\",\"contentUrl\":\"http:\\\/\\\/infinitofotografia.com.br\\\/wp2\\\/wp-content\\\/uploads\\\/2018\\\/06\\\/infinito_fotografia_logo_home.png\",\"width\":150,\"height\":27,\"caption\":\"Infinito Fotografia\"},\"image\":{\"@id\":\"http:\\\/\\\/infinitofotografia.com.br\\\/wp2\\\/#\\\/schema\\\/logo\\\/image\\\/\"},\"sameAs\":[\"https:\\\/\\\/www.facebook.com\\\/infinitophotografia\\\/\",\"https:\\\/\\\/www.instagram.com\\\/infinito_fotografia\\\/?hl=pt-br\"]}]}<\/script>\n<!-- \/ Yoast SEO plugin. -->","yoast_head_json":{"title":"Educa\u00e7\u00e3o &#8902; Infinito Fotografia","robots":{"index":"index","follow":"follow","max-snippet":"max-snippet:-1","max-image-preview":"max-image-preview:large","max-video-preview":"max-video-preview:-1"},"canonical":"http:\/\/infinitofotografia.com.br\/wp2\/educacao\/","og_locale":"pt_PT","og_type":"article","og_title":"Educa\u00e7\u00e3o &#8902; Infinito Fotografia","og_description":"A Infinito Fotografia compartilha seu amor pela fotografia com todos aqueles que participam de seus Cursos, Passeios e Workshops. Para n\u00f3s a fotografia \u00e9 muito mais do que uma imagem. \u00c9 ver, sentir e respirar um momento \u00fanico que ser\u00e1 eternizado. Aprenda conosco a sentir a fotografia!&nbsp; &nbsp; Cursos Nossos Cursos s\u00e3o preparados para qualquer [&hellip;]","og_url":"http:\/\/infinitofotografia.com.br\/wp2\/educacao\/","og_site_name":"Infinito Fotografia","article_publisher":"https:\/\/www.facebook.com\/infinitophotografia\/","article_modified_time":"2018-07-25T17:05:57+00:00","og_image":[{"url":"http:\/\/infinitofotografia.com.br\/wp2\/wp-content\/uploads\/2018\/07\/Paranapiacaba_11_peq_by_EricoMabellini.jpg","type":"","width":"","height":""}],"twitter_card":"summary_large_image","twitter_misc":{"Tempo estimado de leitura":"1 minuto"},"schema":{"@context":"https:\/\/schema.org","@graph":[{"@type":"WebPage","@id":"http:\/\/infinitofotografia.com.br\/wp2\/educacao\/","url":"http:\/\/infinitofotografia.com.br\/wp2\/educacao\/","name":"Educa\u00e7\u00e3o &#8902; Infinito Fotografia","isPartOf":{"@id":"http:\/\/infinitofotografia.com.br\/wp2\/#website"},"primaryImageOfPage":{"@id":"http:\/\/infinitofotografia.com.br\/wp2\/educacao\/#primaryimage"},"image":{"@id":"http:\/\/infinitofotografia.com.br\/wp2\/educacao\/#primaryimage"},"thumbnailUrl":"http:\/\/infinitofotografia.com.br\/wp2\/wp-content\/uploads\/2018\/07\/Paranapiacaba_11_peq_by_EricoMabellini.jpg","datePublished":"2018-07-10T20:49:29+00:00","dateModified":"2018-07-25T17:05:57+00:00","breadcrumb":{"@id":"http:\/\/infinitofotografia.com.br\/wp2\/educacao\/#breadcrumb"},"inLanguage":"pt-PT","potentialAction":[{"@type":"ReadAction","target":["http:\/\/infinitofotografia.com.br\/wp2\/educacao\/"]}]},{"@type":"ImageObject","inLanguage":"pt-PT","@id":"http:\/\/infinitofotografia.com.br\/wp2\/educacao\/#primaryimage","url":"http:\/\/infinitofotografia.com.br\/wp2\/wp-content\/uploads\/2018\/07\/Paranapiacaba_11_peq_by_EricoMabellini.jpg","contentUrl":"http:\/\/infinitofotografia.com.br\/wp2\/wp-content\/uploads\/2018\/07\/Paranapiacaba_11_peq_by_EricoMabellini.jpg","width":200,"height":130},{"@type":"BreadcrumbList","@id":"http:\/\/infinitofotografia.com.br\/wp2\/educacao\/#breadcrumb","itemListElement":[{"@type":"ListItem","position":1,"name":"In\u00edcio","item":"http:\/\/infinitofotografia.com.br\/wp2\/"},{"@type":"ListItem","position":2,"name":"Educa\u00e7\u00e3o"}]},{"@type":"WebSite","@id":"http:\/\/infinitofotografia.com.br\/wp2\/#website","url":"http:\/\/infinitofotografia.com.br\/wp2\/","name":"Infinito Fotografia","description":"","publisher":{"@id":"http:\/\/infinitofotografia.com.br\/wp2\/#organization"},"potentialAction":[{"@type":"SearchAction","target":{"@type":"EntryPoint","urlTemplate":"http:\/\/infinitofotografia.com.br\/wp2\/?s={search_term_string}"},"query-input":{"@type":"PropertyValueSpecification","valueRequired":true,"valueName":"search_term_string"}}],"inLanguage":"pt-PT"},{"@type":"Organization","@id":"http:\/\/infinitofotografia.com.br\/wp2\/#organization","name":"Infinito Fotografia","url":"http:\/\/infinitofotografia.com.br\/wp2\/","logo":{"@type":"ImageObject","inLanguage":"pt-PT","@id":"http:\/\/infinitofotografia.com.br\/wp2\/#\/schema\/logo\/image\/","url":"http:\/\/infinitofotografia.com.br\/wp2\/wp-content\/uploads\/2018\/06\/infinito_fotografia_logo_home.png","contentUrl":"http:\/\/infinitofotografia.com.br\/wp2\/wp-content\/uploads\/2018\/06\/infinito_fotografia_logo_home.png","width":150,"height":27,"caption":"Infinito Fotografia"},"image":{"@id":"http:\/\/infinitofotografia.com.br\/wp2\/#\/schema\/logo\/image\/"},"sameAs":["https:\/\/www.facebook.com\/infinitophotografia\/","https:\/\/www.instagram.com\/infinito_fotografia\/?hl=pt-br"]}]}},"_links":{"self":[{"href":"http:\/\/infinitofotografia.com.br\/wp2\/wp-json\/wp\/v2\/pages\/263","targetHints":{"allow":["GET"]}}],"collection":[{"href":"http:\/\/infinitofotografia.com.br\/wp2\/wp-json\/wp\/v2\/pages"}],"about":[{"href":"http:\/\/infinitofotografia.com.br\/wp2\/wp-json\/wp\/v2\/types\/page"}],"author":[{"embeddable":true,"href":"http:\/\/infinitofotografia.com.br\/wp2\/wp-json\/wp\/v2\/users\/1"}],"replies":[{"embeddable":true,"href":"http:\/\/infinitofotografia.com.br\/wp2\/wp-json\/wp\/v2\/comments?post=263"}],"version-history":[{"count":5,"href":"http:\/\/infinitofotografia.com.br\/wp2\/wp-json\/wp\/v2\/pages\/263\/revisions"}],"predecessor-version":[{"id":355,"href":"http:\/\/infinitofotografia.com.br\/wp2\/wp-json\/wp\/v2\/pages\/263\/revisions\/355"}],"wp:attachment":[{"href":"http:\/\/infinitofotografia.com.br\/wp2\/wp-json\/wp\/v2\/media?parent=263"}],"curies":[{"name":"wp","href":"https:\/\/api.w.org\/{rel}","templated":true}]}}