{"id":19,"date":"2018-06-18T22:02:33","date_gmt":"2018-06-18T22:02:33","guid":{"rendered":"http:\/\/infinitofotografia.com.br\/wp2\/?page_id=19"},"modified":"2018-10-16T19:23:25","modified_gmt":"2018-10-16T19:23:25","slug":"servicos","status":"publish","type":"page","link":"http:\/\/infinitofotografia.com.br\/wp2\/servicos\/","title":{"rendered":"Servi\u00e7os"},"content":{"rendered":"<h3><a href=\"http:\/\/infinitofotografia.com.br\/wp2\/servicos\/pets-e-natureza-2\/\"><span style=\"color: #ff6600;\">Pets e Natureza<\/span><\/a><\/h3>\n<p><a href=\"http:\/\/infinitofotografia.com.br\/wp2\/servicos\/pets-e-natureza-2\/\"><img loading=\"lazy\" decoding=\"async\" class=\"wp-image-112 alignleft\" src=\"http:\/\/infinitofotografia.com.br\/wp2\/wp-content\/uploads\/2018\/06\/Infinito_fotografia_by_EricoMabellini_001-e1530272876384.jpg\" alt=\"\" width=\"202\" height=\"134\"><\/a><\/p>\n<p style=\"text-align: justify;\">Pets, animais silvestres ou a beleza do campo e do litoral. Temos o fot\u00f3grafo certo para efetuar o servi\u00e7o e estamos aptos para fotografar com o melhor resultado. <a href=\"http:\/\/infinitofotografia.com.br\/wp2\/contato\/\">Tire suas duvidas!<\/a><\/p>\n<h3>&nbsp;<\/h3>\n<h3>&nbsp;<\/h3>\n<h3><a href=\"http:\/\/infinitofotografia.com.br\/wp2\/servicos\/moda-e-eventos\/\"><strong><span style=\"color: #ff6600;\">Moda e Eventos<\/span><\/strong><\/a><\/h3>\n<p style=\"text-align: justify;\"><a href=\"http:\/\/infinitofotografia.com.br\/wp2\/servicos\/moda-e-eventos\/\"><img loading=\"lazy\" decoding=\"async\" class=\"alignleft wp-image-136\" src=\"http:\/\/infinitofotografia.com.br\/wp2\/wp-content\/uploads\/2018\/06\/Infinito_fotografia_by_EricoMabellini_002-1.jpg\" alt=\"\" width=\"202\" height=\"135\" srcset=\"http:\/\/infinitofotografia.com.br\/wp2\/wp-content\/uploads\/2018\/06\/Infinito_fotografia_by_EricoMabellini_002-1.jpg 1920w, http:\/\/infinitofotografia.com.br\/wp2\/wp-content\/uploads\/2018\/06\/Infinito_fotografia_by_EricoMabellini_002-1-300x200.jpg 300w, http:\/\/infinitofotografia.com.br\/wp2\/wp-content\/uploads\/2018\/06\/Infinito_fotografia_by_EricoMabellini_002-1-768x512.jpg 768w, http:\/\/infinitofotografia.com.br\/wp2\/wp-content\/uploads\/2018\/06\/Infinito_fotografia_by_EricoMabellini_002-1-1024x683.jpg 1024w\" sizes=\"auto, (max-width: 202px) 100vw, 202px\" \/><\/a>Para fotografar gente tem que gostar de gente! Vai realizar um evento de moda, corporativo ou social. <a href=\"http:\/\/infinitofotografia.com.br\/wp2\/contato\/\">Fale conosco<\/a> e lhe daremos a melhor solu\u00e7\u00e3o.&nbsp;<\/p>\n<p>&nbsp;<\/p>\n<h3>&nbsp;<\/h3>\n<h3>&nbsp;<\/h3>\n<h3><a href=\"http:\/\/infinitofotografia.com.br\/wp2\/servicos\/jornalismo-e-editorial\/\"><span style=\"color: #ff6600;\">Jornalismo e Editorial<\/span><\/a><\/h3>\n<p style=\"text-align: justify;\"><a href=\"http:\/\/infinitofotografia.com.br\/wp2\/servicos\/jornalismo-e-editorial\/\"><img loading=\"lazy\" decoding=\"async\" class=\"alignleft wp-image-139\" src=\"http:\/\/infinitofotografia.com.br\/wp2\/wp-content\/uploads\/2018\/06\/Infinito_fotografia_by_EricoMabellini_003.jpg\" alt=\"\" width=\"202\" height=\"135\" srcset=\"http:\/\/infinitofotografia.com.br\/wp2\/wp-content\/uploads\/2018\/06\/Infinito_fotografia_by_EricoMabellini_003.jpg 1920w, http:\/\/infinitofotografia.com.br\/wp2\/wp-content\/uploads\/2018\/06\/Infinito_fotografia_by_EricoMabellini_003-300x200.jpg 300w, http:\/\/infinitofotografia.com.br\/wp2\/wp-content\/uploads\/2018\/06\/Infinito_fotografia_by_EricoMabellini_003-768x512.jpg 768w, http:\/\/infinitofotografia.com.br\/wp2\/wp-content\/uploads\/2018\/06\/Infinito_fotografia_by_EricoMabellini_003-1024x683.jpg 1024w\" sizes=\"auto, (max-width: 202px) 100vw, 202px\" \/><\/a>Precisa de imagens na velocidade dos fatos? Temos Fotojornalismo de qualidade.<br \/>\nPrecisa de fotos que ilustrem a sua revista, site ou livro? <a href=\"http:\/\/infinitofotografia.com.br\/wp2\/contato\/\">Fale conosco<\/a> e escolha a sua pauta.<\/p>\n<h3>&nbsp;<\/h3>\n<p>&nbsp;<\/p>\n<h3>&nbsp;<\/h3>\n<h3><a href=\"http:\/\/infinitofotografia.com.br\/wp2\/servicos\/produtos-e-gastronomia\/\"><span style=\"color: #ff6600;\"><strong>Produtos e Gastronomia<\/strong><\/span><\/a><\/h3>\n<p style=\"text-align: justify;\"><a href=\"http:\/\/infinitofotografia.com.br\/wp2\/servicos\/produtos-e-gastronomia\/\"><img loading=\"lazy\" decoding=\"async\" class=\"alignleft wp-image-147\" src=\"http:\/\/infinitofotografia.com.br\/wp2\/wp-content\/uploads\/2018\/06\/Infinito_fotografia_by_EricoMabellini_004.jpg\" alt=\"\" width=\"202\" height=\"135\" srcset=\"http:\/\/infinitofotografia.com.br\/wp2\/wp-content\/uploads\/2018\/06\/Infinito_fotografia_by_EricoMabellini_004.jpg 1920w, http:\/\/infinitofotografia.com.br\/wp2\/wp-content\/uploads\/2018\/06\/Infinito_fotografia_by_EricoMabellini_004-300x200.jpg 300w, http:\/\/infinitofotografia.com.br\/wp2\/wp-content\/uploads\/2018\/06\/Infinito_fotografia_by_EricoMabellini_004-768x512.jpg 768w, http:\/\/infinitofotografia.com.br\/wp2\/wp-content\/uploads\/2018\/06\/Infinito_fotografia_by_EricoMabellini_004-1024x683.jpg 1024w\" sizes=\"auto, (max-width: 202px) 100vw, 202px\" \/><\/a>Fotografamos para o seu bar, lanchonete, caf\u00e9 ou restaurante. Temos a melhor solu\u00e7\u00e3o fotogr\u00e1fica. Tamb\u00e9m somos especializados em pequenos produtos. <a href=\"http:\/\/infinitofotografia.com.br\/wp2\/contato\/\">Pe\u00e7a um or\u00e7amento!<\/a><\/p>\n<h3>&nbsp;<\/h3>\n<pre>&nbsp;<\/pre>\n<p>&nbsp;<\/p>\n","protected":false},"excerpt":{"rendered":"<p>Pets e Natureza Pets, animais silvestres ou a beleza do campo e do litoral. Temos o fot\u00f3grafo certo para efetuar o servi\u00e7o e estamos aptos para fotografar com o melhor resultado. Tire suas duvidas! &nbsp; &nbsp; Moda e Eventos Para fotografar gente tem que gostar de gente! Vai realizar um evento de moda, corporativo ou [&hellip;]<\/p>\n","protected":false},"author":1,"featured_media":0,"parent":0,"menu_order":0,"comment_status":"closed","ping_status":"closed","template":"","meta":{"footnotes":""},"class_list":["post-19","page","type-page","status-publish","hentry"],"yoast_head":"<!-- This site is optimized with the Yoast SEO plugin v27.5 - https:\/\/yoast.com\/product\/yoast-seo-wordpress\/ -->\n<title>Servi\u00e7os &#8902; Infinito Fotografia<\/title>\n<meta name=\"robots\" content=\"index, follow, max-snippet:-1, max-image-preview:large, max-video-preview:-1\" \/>\n<link rel=\"canonical\" href=\"http:\/\/infinitofotografia.com.br\/wp2\/servicos\/\" \/>\n<meta property=\"og:locale\" content=\"pt_PT\" \/>\n<meta property=\"og:type\" content=\"article\" \/>\n<meta property=\"og:title\" content=\"Servi\u00e7os &#8902; Infinito Fotografia\" \/>\n<meta property=\"og:description\" content=\"Pets e Natureza Pets, animais silvestres ou a beleza do campo e do litoral. Temos o fot\u00f3grafo certo para efetuar o servi\u00e7o e estamos aptos para fotografar com o melhor resultado. Tire suas duvidas! &nbsp; &nbsp; Moda e Eventos Para fotografar gente tem que gostar de gente! Vai realizar um evento de moda, corporativo ou [&hellip;]\" \/>\n<meta property=\"og:url\" content=\"http:\/\/infinitofotografia.com.br\/wp2\/servicos\/\" \/>\n<meta property=\"og:site_name\" content=\"Infinito Fotografia\" \/>\n<meta property=\"article:publisher\" content=\"https:\/\/www.facebook.com\/infinitophotografia\/\" \/>\n<meta property=\"article:modified_time\" content=\"2018-10-16T19:23:25+00:00\" \/>\n<meta property=\"og:image\" content=\"http:\/\/infinitofotografia.com.br\/wp2\/wp-content\/uploads\/2018\/06\/Infinito_fotografia_by_EricoMabellini_001-e1530272876384.jpg\" \/>\n<meta name=\"twitter:card\" content=\"summary_large_image\" \/>\n<meta name=\"twitter:label1\" content=\"Tempo estimado de leitura\" \/>\n\t<meta name=\"twitter:data1\" content=\"1 minuto\" \/>\n<script type=\"application\/ld+json\" class=\"yoast-schema-graph\">{\"@context\":\"https:\\\/\\\/schema.org\",\"@graph\":[{\"@type\":\"WebPage\",\"@id\":\"http:\\\/\\\/infinitofotografia.com.br\\\/wp2\\\/servicos\\\/\",\"url\":\"http:\\\/\\\/infinitofotografia.com.br\\\/wp2\\\/servicos\\\/\",\"name\":\"Servi\u00e7os &#8902; Infinito Fotografia\",\"isPartOf\":{\"@id\":\"http:\\\/\\\/infinitofotografia.com.br\\\/wp2\\\/#website\"},\"primaryImageOfPage\":{\"@id\":\"http:\\\/\\\/infinitofotografia.com.br\\\/wp2\\\/servicos\\\/#primaryimage\"},\"image\":{\"@id\":\"http:\\\/\\\/infinitofotografia.com.br\\\/wp2\\\/servicos\\\/#primaryimage\"},\"thumbnailUrl\":\"http:\\\/\\\/infinitofotografia.com.br\\\/wp2\\\/wp-content\\\/uploads\\\/2018\\\/06\\\/Infinito_fotografia_by_EricoMabellini_001-e1530272876384.jpg\",\"datePublished\":\"2018-06-18T22:02:33+00:00\",\"dateModified\":\"2018-10-16T19:23:25+00:00\",\"breadcrumb\":{\"@id\":\"http:\\\/\\\/infinitofotografia.com.br\\\/wp2\\\/servicos\\\/#breadcrumb\"},\"inLanguage\":\"pt-PT\",\"potentialAction\":[{\"@type\":\"ReadAction\",\"target\":[\"http:\\\/\\\/infinitofotografia.com.br\\\/wp2\\\/servicos\\\/\"]}]},{\"@type\":\"ImageObject\",\"inLanguage\":\"pt-PT\",\"@id\":\"http:\\\/\\\/infinitofotografia.com.br\\\/wp2\\\/servicos\\\/#primaryimage\",\"url\":\"http:\\\/\\\/infinitofotografia.com.br\\\/wp2\\\/wp-content\\\/uploads\\\/2018\\\/06\\\/Infinito_fotografia_by_EricoMabellini_001-e1530272876384.jpg\",\"contentUrl\":\"http:\\\/\\\/infinitofotografia.com.br\\\/wp2\\\/wp-content\\\/uploads\\\/2018\\\/06\\\/Infinito_fotografia_by_EricoMabellini_001-e1530272876384.jpg\",\"width\":350,\"height\":233,\"caption\":\"Pets, animais silvestres ou a natureza do campo e do litoral. Estamos aptos para fotografar com o melhor resultado.\"},{\"@type\":\"BreadcrumbList\",\"@id\":\"http:\\\/\\\/infinitofotografia.com.br\\\/wp2\\\/servicos\\\/#breadcrumb\",\"itemListElement\":[{\"@type\":\"ListItem\",\"position\":1,\"name\":\"In\u00edcio\",\"item\":\"http:\\\/\\\/infinitofotografia.com.br\\\/wp2\\\/\"},{\"@type\":\"ListItem\",\"position\":2,\"name\":\"Servi\u00e7os\"}]},{\"@type\":\"WebSite\",\"@id\":\"http:\\\/\\\/infinitofotografia.com.br\\\/wp2\\\/#website\",\"url\":\"http:\\\/\\\/infinitofotografia.com.br\\\/wp2\\\/\",\"name\":\"Infinito Fotografia\",\"description\":\"\",\"publisher\":{\"@id\":\"http:\\\/\\\/infinitofotografia.com.br\\\/wp2\\\/#organization\"},\"potentialAction\":[{\"@type\":\"SearchAction\",\"target\":{\"@type\":\"EntryPoint\",\"urlTemplate\":\"http:\\\/\\\/infinitofotografia.com.br\\\/wp2\\\/?s={search_term_string}\"},\"query-input\":{\"@type\":\"PropertyValueSpecification\",\"valueRequired\":true,\"valueName\":\"search_term_string\"}}],\"inLanguage\":\"pt-PT\"},{\"@type\":\"Organization\",\"@id\":\"http:\\\/\\\/infinitofotografia.com.br\\\/wp2\\\/#organization\",\"name\":\"Infinito Fotografia\",\"url\":\"http:\\\/\\\/infinitofotografia.com.br\\\/wp2\\\/\",\"logo\":{\"@type\":\"ImageObject\",\"inLanguage\":\"pt-PT\",\"@id\":\"http:\\\/\\\/infinitofotografia.com.br\\\/wp2\\\/#\\\/schema\\\/logo\\\/image\\\/\",\"url\":\"http:\\\/\\\/infinitofotografia.com.br\\\/wp2\\\/wp-content\\\/uploads\\\/2018\\\/06\\\/infinito_fotografia_logo_home.png\",\"contentUrl\":\"http:\\\/\\\/infinitofotografia.com.br\\\/wp2\\\/wp-content\\\/uploads\\\/2018\\\/06\\\/infinito_fotografia_logo_home.png\",\"width\":150,\"height\":27,\"caption\":\"Infinito Fotografia\"},\"image\":{\"@id\":\"http:\\\/\\\/infinitofotografia.com.br\\\/wp2\\\/#\\\/schema\\\/logo\\\/image\\\/\"},\"sameAs\":[\"https:\\\/\\\/www.facebook.com\\\/infinitophotografia\\\/\",\"https:\\\/\\\/www.instagram.com\\\/infinito_fotografia\\\/?hl=pt-br\"]}]}<\/script>\n<!-- \/ Yoast SEO plugin. -->","yoast_head_json":{"title":"Servi\u00e7os &#8902; Infinito Fotografia","robots":{"index":"index","follow":"follow","max-snippet":"max-snippet:-1","max-image-preview":"max-image-preview:large","max-video-preview":"max-video-preview:-1"},"canonical":"http:\/\/infinitofotografia.com.br\/wp2\/servicos\/","og_locale":"pt_PT","og_type":"article","og_title":"Servi\u00e7os &#8902; Infinito Fotografia","og_description":"Pets e Natureza Pets, animais silvestres ou a beleza do campo e do litoral. Temos o fot\u00f3grafo certo para efetuar o servi\u00e7o e estamos aptos para fotografar com o melhor resultado. Tire suas duvidas! &nbsp; &nbsp; Moda e Eventos Para fotografar gente tem que gostar de gente! Vai realizar um evento de moda, corporativo ou [&hellip;]","og_url":"http:\/\/infinitofotografia.com.br\/wp2\/servicos\/","og_site_name":"Infinito Fotografia","article_publisher":"https:\/\/www.facebook.com\/infinitophotografia\/","article_modified_time":"2018-10-16T19:23:25+00:00","og_image":[{"url":"http:\/\/infinitofotografia.com.br\/wp2\/wp-content\/uploads\/2018\/06\/Infinito_fotografia_by_EricoMabellini_001-e1530272876384.jpg","type":"","width":"","height":""}],"twitter_card":"summary_large_image","twitter_misc":{"Tempo estimado de leitura":"1 minuto"},"schema":{"@context":"https:\/\/schema.org","@graph":[{"@type":"WebPage","@id":"http:\/\/infinitofotografia.com.br\/wp2\/servicos\/","url":"http:\/\/infinitofotografia.com.br\/wp2\/servicos\/","name":"Servi\u00e7os &#8902; Infinito Fotografia","isPartOf":{"@id":"http:\/\/infinitofotografia.com.br\/wp2\/#website"},"primaryImageOfPage":{"@id":"http:\/\/infinitofotografia.com.br\/wp2\/servicos\/#primaryimage"},"image":{"@id":"http:\/\/infinitofotografia.com.br\/wp2\/servicos\/#primaryimage"},"thumbnailUrl":"http:\/\/infinitofotografia.com.br\/wp2\/wp-content\/uploads\/2018\/06\/Infinito_fotografia_by_EricoMabellini_001-e1530272876384.jpg","datePublished":"2018-06-18T22:02:33+00:00","dateModified":"2018-10-16T19:23:25+00:00","breadcrumb":{"@id":"http:\/\/infinitofotografia.com.br\/wp2\/servicos\/#breadcrumb"},"inLanguage":"pt-PT","potentialAction":[{"@type":"ReadAction","target":["http:\/\/infinitofotografia.com.br\/wp2\/servicos\/"]}]},{"@type":"ImageObject","inLanguage":"pt-PT","@id":"http:\/\/infinitofotografia.com.br\/wp2\/servicos\/#primaryimage","url":"http:\/\/infinitofotografia.com.br\/wp2\/wp-content\/uploads\/2018\/06\/Infinito_fotografia_by_EricoMabellini_001-e1530272876384.jpg","contentUrl":"http:\/\/infinitofotografia.com.br\/wp2\/wp-content\/uploads\/2018\/06\/Infinito_fotografia_by_EricoMabellini_001-e1530272876384.jpg","width":350,"height":233,"caption":"Pets, animais silvestres ou a natureza do campo e do litoral. Estamos aptos para fotografar com o melhor resultado."},{"@type":"BreadcrumbList","@id":"http:\/\/infinitofotografia.com.br\/wp2\/servicos\/#breadcrumb","itemListElement":[{"@type":"ListItem","position":1,"name":"In\u00edcio","item":"http:\/\/infinitofotografia.com.br\/wp2\/"},{"@type":"ListItem","position":2,"name":"Servi\u00e7os"}]},{"@type":"WebSite","@id":"http:\/\/infinitofotografia.com.br\/wp2\/#website","url":"http:\/\/infinitofotografia.com.br\/wp2\/","name":"Infinito Fotografia","description":"","publisher":{"@id":"http:\/\/infinitofotografia.com.br\/wp2\/#organization"},"potentialAction":[{"@type":"SearchAction","target":{"@type":"EntryPoint","urlTemplate":"http:\/\/infinitofotografia.com.br\/wp2\/?s={search_term_string}"},"query-input":{"@type":"PropertyValueSpecification","valueRequired":true,"valueName":"search_term_string"}}],"inLanguage":"pt-PT"},{"@type":"Organization","@id":"http:\/\/infinitofotografia.com.br\/wp2\/#organization","name":"Infinito Fotografia","url":"http:\/\/infinitofotografia.com.br\/wp2\/","logo":{"@type":"ImageObject","inLanguage":"pt-PT","@id":"http:\/\/infinitofotografia.com.br\/wp2\/#\/schema\/logo\/image\/","url":"http:\/\/infinitofotografia.com.br\/wp2\/wp-content\/uploads\/2018\/06\/infinito_fotografia_logo_home.png","contentUrl":"http:\/\/infinitofotografia.com.br\/wp2\/wp-content\/uploads\/2018\/06\/infinito_fotografia_logo_home.png","width":150,"height":27,"caption":"Infinito Fotografia"},"image":{"@id":"http:\/\/infinitofotografia.com.br\/wp2\/#\/schema\/logo\/image\/"},"sameAs":["https:\/\/www.facebook.com\/infinitophotografia\/","https:\/\/www.instagram.com\/infinito_fotografia\/?hl=pt-br"]}]}},"_links":{"self":[{"href":"http:\/\/infinitofotografia.com.br\/wp2\/wp-json\/wp\/v2\/pages\/19","targetHints":{"allow":["GET"]}}],"collection":[{"href":"http:\/\/infinitofotografia.com.br\/wp2\/wp-json\/wp\/v2\/pages"}],"about":[{"href":"http:\/\/infinitofotografia.com.br\/wp2\/wp-json\/wp\/v2\/types\/page"}],"author":[{"embeddable":true,"href":"http:\/\/infinitofotografia.com.br\/wp2\/wp-json\/wp\/v2\/users\/1"}],"replies":[{"embeddable":true,"href":"http:\/\/infinitofotografia.com.br\/wp2\/wp-json\/wp\/v2\/comments?post=19"}],"version-history":[{"count":13,"href":"http:\/\/infinitofotografia.com.br\/wp2\/wp-json\/wp\/v2\/pages\/19\/revisions"}],"predecessor-version":[{"id":1116,"href":"http:\/\/infinitofotografia.com.br\/wp2\/wp-json\/wp\/v2\/pages\/19\/revisions\/1116"}],"wp:attachment":[{"href":"http:\/\/infinitofotografia.com.br\/wp2\/wp-json\/wp\/v2\/media?parent=19"}],"curies":[{"name":"wp","href":"https:\/\/api.w.org\/{rel}","templated":true}]}}