{"id":158,"date":"2018-07-03T22:56:40","date_gmt":"2018-07-03T22:56:40","guid":{"rendered":"http:\/\/infinitofotografia.com.br\/wp2\/?page_id=158"},"modified":"2018-09-19T23:10:19","modified_gmt":"2018-09-19T23:10:19","slug":"fotos-historicas","status":"publish","type":"page","link":"http:\/\/infinitofotografia.com.br\/wp2\/fotos-historicas\/","title":{"rendered":"Fotos Hist\u00f3ricas"},"content":{"rendered":"<h6><span style=\"color: #333399;\"><a href=\"http:\/\/infinitofotografia.com.br\/wp2\/fotos-para-decoracao\/\">Decora\u00e7\u00e3o<\/a>&nbsp; &nbsp; &nbsp;<a href=\"http:\/\/infinitofotografia.com.br\/wp2\/fine-art\/\"> Fine Art&nbsp;<\/a> &nbsp; &nbsp; &nbsp;<a href=\"http:\/\/infinitofotografia.com.br\/wp2\/lambe-lambe\/\">Lambe-Lambe<\/a><\/span><\/h6>\n<p>[ngg_images source=&#8221;galleries&#8221; container_ids=&#8221;1&#8243; display_type=&#8221;photocrati-nextgen_basic_thumbnails&#8221; override_thumbnail_settings=&#8221;0&#8243; thumbnail_width=&#8221;240&#8243; thumbnail_height=&#8221;80&#8243; thumbnail_crop=&#8221;1&#8243; images_per_page=&#8221;50&#8243; number_of_columns=&#8221;3&#8243; ajax_pagination=&#8221;1&#8243; show_all_in_lightbox=&#8221;1&#8243; use_imagebrowser_effect=&#8221;1&#8243; show_slideshow_link=&#8221;1&#8243; slideshow_link_text=&#8221;Ver em slideshow&#8221; template=&#8221;default&#8221; order_by=&#8221;sortorder&#8221; order_direction=&#8221;ASC&#8221; returns=&#8221;included&#8221; maximum_entity_count=&#8221;500&#8243;]<\/p>\n<h6>&nbsp;<\/h6>\n","protected":false},"excerpt":{"rendered":"<p>Decora\u00e7\u00e3o&nbsp; &nbsp; &nbsp; Fine Art&nbsp; &nbsp; &nbsp; &nbsp;Lambe-Lambe [ngg_images source=&#8221;galleries&#8221; container_ids=&#8221;1&#8243; display_type=&#8221;photocrati-nextgen_basic_thumbnails&#8221; override_thumbnail_settings=&#8221;0&#8243; thumbnail_width=&#8221;240&#8243; thumbnail_height=&#8221;80&#8243; thumbnail_crop=&#8221;1&#8243; images_per_page=&#8221;50&#8243; number_of_columns=&#8221;3&#8243; ajax_pagination=&#8221;1&#8243; show_all_in_lightbox=&#8221;1&#8243; use_imagebrowser_effect=&#8221;1&#8243; show_slideshow_link=&#8221;1&#8243; slideshow_link_text=&#8221;Ver em slideshow&#8221; template=&#8221;default&#8221; order_by=&#8221;sortorder&#8221; order_direction=&#8221;ASC&#8221; returns=&#8221;included&#8221; maximum_entity_count=&#8221;500&#8243;] &nbsp;<\/p>\n","protected":false},"author":1,"featured_media":0,"parent":0,"menu_order":0,"comment_status":"closed","ping_status":"closed","template":"template-fullwidth.php","meta":{"footnotes":""},"class_list":["post-158","page","type-page","status-publish","hentry"],"yoast_head":"<!-- This site is optimized with the Yoast SEO plugin v27.5 - https:\/\/yoast.com\/product\/yoast-seo-wordpress\/ -->\n<title>Fotos Hist\u00f3ricas &#8902; Infinito Fotografia<\/title>\n<meta name=\"robots\" content=\"index, follow, max-snippet:-1, max-image-preview:large, max-video-preview:-1\" \/>\n<link rel=\"canonical\" href=\"http:\/\/infinitofotografia.com.br\/wp2\/fotos-historicas\/\" \/>\n<meta property=\"og:locale\" content=\"pt_PT\" \/>\n<meta property=\"og:type\" content=\"article\" \/>\n<meta property=\"og:title\" content=\"Fotos Hist\u00f3ricas &#8902; Infinito Fotografia\" \/>\n<meta property=\"og:description\" content=\"Decora\u00e7\u00e3o&nbsp; &nbsp; &nbsp; Fine Art&nbsp; &nbsp; &nbsp; &nbsp;Lambe-Lambe [ngg_images source=&#8221;galleries&#8221; container_ids=&#8221;1&#8243; display_type=&#8221;photocrati-nextgen_basic_thumbnails&#8221; override_thumbnail_settings=&#8221;0&#8243; thumbnail_width=&#8221;240&#8243; thumbnail_height=&#8221;80&#8243; thumbnail_crop=&#8221;1&#8243; images_per_page=&#8221;50&#8243; number_of_columns=&#8221;3&#8243; ajax_pagination=&#8221;1&#8243; show_all_in_lightbox=&#8221;1&#8243; use_imagebrowser_effect=&#8221;1&#8243; show_slideshow_link=&#8221;1&#8243; slideshow_link_text=&#8221;Ver em slideshow&#8221; template=&#8221;default&#8221; order_by=&#8221;sortorder&#8221; order_direction=&#8221;ASC&#8221; returns=&#8221;included&#8221; maximum_entity_count=&#8221;500&#8243;] &nbsp;\" \/>\n<meta property=\"og:url\" content=\"http:\/\/infinitofotografia.com.br\/wp2\/fotos-historicas\/\" \/>\n<meta property=\"og:site_name\" content=\"Infinito Fotografia\" \/>\n<meta property=\"article:publisher\" content=\"https:\/\/www.facebook.com\/infinitophotografia\/\" \/>\n<meta property=\"article:modified_time\" content=\"2018-09-19T23:10:19+00:00\" \/>\n<meta name=\"twitter:card\" content=\"summary_large_image\" \/>\n<script type=\"application\/ld+json\" class=\"yoast-schema-graph\">{\"@context\":\"https:\\\/\\\/schema.org\",\"@graph\":[{\"@type\":\"WebPage\",\"@id\":\"http:\\\/\\\/infinitofotografia.com.br\\\/wp2\\\/fotos-historicas\\\/\",\"url\":\"http:\\\/\\\/infinitofotografia.com.br\\\/wp2\\\/fotos-historicas\\\/\",\"name\":\"Fotos Hist\u00f3ricas &#8902; Infinito Fotografia\",\"isPartOf\":{\"@id\":\"http:\\\/\\\/infinitofotografia.com.br\\\/wp2\\\/#website\"},\"datePublished\":\"2018-07-03T22:56:40+00:00\",\"dateModified\":\"2018-09-19T23:10:19+00:00\",\"breadcrumb\":{\"@id\":\"http:\\\/\\\/infinitofotografia.com.br\\\/wp2\\\/fotos-historicas\\\/#breadcrumb\"},\"inLanguage\":\"pt-PT\",\"potentialAction\":[{\"@type\":\"ReadAction\",\"target\":[\"http:\\\/\\\/infinitofotografia.com.br\\\/wp2\\\/fotos-historicas\\\/\"]}]},{\"@type\":\"BreadcrumbList\",\"@id\":\"http:\\\/\\\/infinitofotografia.com.br\\\/wp2\\\/fotos-historicas\\\/#breadcrumb\",\"itemListElement\":[{\"@type\":\"ListItem\",\"position\":1,\"name\":\"In\u00edcio\",\"item\":\"http:\\\/\\\/infinitofotografia.com.br\\\/wp2\\\/\"},{\"@type\":\"ListItem\",\"position\":2,\"name\":\"Fotos Hist\u00f3ricas\"}]},{\"@type\":\"WebSite\",\"@id\":\"http:\\\/\\\/infinitofotografia.com.br\\\/wp2\\\/#website\",\"url\":\"http:\\\/\\\/infinitofotografia.com.br\\\/wp2\\\/\",\"name\":\"Infinito Fotografia\",\"description\":\"\",\"publisher\":{\"@id\":\"http:\\\/\\\/infinitofotografia.com.br\\\/wp2\\\/#organization\"},\"potentialAction\":[{\"@type\":\"SearchAction\",\"target\":{\"@type\":\"EntryPoint\",\"urlTemplate\":\"http:\\\/\\\/infinitofotografia.com.br\\\/wp2\\\/?s={search_term_string}\"},\"query-input\":{\"@type\":\"PropertyValueSpecification\",\"valueRequired\":true,\"valueName\":\"search_term_string\"}}],\"inLanguage\":\"pt-PT\"},{\"@type\":\"Organization\",\"@id\":\"http:\\\/\\\/infinitofotografia.com.br\\\/wp2\\\/#organization\",\"name\":\"Infinito Fotografia\",\"url\":\"http:\\\/\\\/infinitofotografia.com.br\\\/wp2\\\/\",\"logo\":{\"@type\":\"ImageObject\",\"inLanguage\":\"pt-PT\",\"@id\":\"http:\\\/\\\/infinitofotografia.com.br\\\/wp2\\\/#\\\/schema\\\/logo\\\/image\\\/\",\"url\":\"http:\\\/\\\/infinitofotografia.com.br\\\/wp2\\\/wp-content\\\/uploads\\\/2018\\\/06\\\/infinito_fotografia_logo_home.png\",\"contentUrl\":\"http:\\\/\\\/infinitofotografia.com.br\\\/wp2\\\/wp-content\\\/uploads\\\/2018\\\/06\\\/infinito_fotografia_logo_home.png\",\"width\":150,\"height\":27,\"caption\":\"Infinito Fotografia\"},\"image\":{\"@id\":\"http:\\\/\\\/infinitofotografia.com.br\\\/wp2\\\/#\\\/schema\\\/logo\\\/image\\\/\"},\"sameAs\":[\"https:\\\/\\\/www.facebook.com\\\/infinitophotografia\\\/\",\"https:\\\/\\\/www.instagram.com\\\/infinito_fotografia\\\/?hl=pt-br\"]}]}<\/script>\n<!-- \/ Yoast SEO plugin. -->","yoast_head_json":{"title":"Fotos Hist\u00f3ricas &#8902; Infinito Fotografia","robots":{"index":"index","follow":"follow","max-snippet":"max-snippet:-1","max-image-preview":"max-image-preview:large","max-video-preview":"max-video-preview:-1"},"canonical":"http:\/\/infinitofotografia.com.br\/wp2\/fotos-historicas\/","og_locale":"pt_PT","og_type":"article","og_title":"Fotos Hist\u00f3ricas &#8902; Infinito Fotografia","og_description":"Decora\u00e7\u00e3o&nbsp; &nbsp; &nbsp; Fine Art&nbsp; &nbsp; &nbsp; &nbsp;Lambe-Lambe [ngg_images source=&#8221;galleries&#8221; container_ids=&#8221;1&#8243; display_type=&#8221;photocrati-nextgen_basic_thumbnails&#8221; override_thumbnail_settings=&#8221;0&#8243; thumbnail_width=&#8221;240&#8243; thumbnail_height=&#8221;80&#8243; thumbnail_crop=&#8221;1&#8243; images_per_page=&#8221;50&#8243; number_of_columns=&#8221;3&#8243; ajax_pagination=&#8221;1&#8243; show_all_in_lightbox=&#8221;1&#8243; use_imagebrowser_effect=&#8221;1&#8243; show_slideshow_link=&#8221;1&#8243; slideshow_link_text=&#8221;Ver em slideshow&#8221; template=&#8221;default&#8221; order_by=&#8221;sortorder&#8221; order_direction=&#8221;ASC&#8221; returns=&#8221;included&#8221; maximum_entity_count=&#8221;500&#8243;] &nbsp;","og_url":"http:\/\/infinitofotografia.com.br\/wp2\/fotos-historicas\/","og_site_name":"Infinito Fotografia","article_publisher":"https:\/\/www.facebook.com\/infinitophotografia\/","article_modified_time":"2018-09-19T23:10:19+00:00","twitter_card":"summary_large_image","schema":{"@context":"https:\/\/schema.org","@graph":[{"@type":"WebPage","@id":"http:\/\/infinitofotografia.com.br\/wp2\/fotos-historicas\/","url":"http:\/\/infinitofotografia.com.br\/wp2\/fotos-historicas\/","name":"Fotos Hist\u00f3ricas &#8902; Infinito Fotografia","isPartOf":{"@id":"http:\/\/infinitofotografia.com.br\/wp2\/#website"},"datePublished":"2018-07-03T22:56:40+00:00","dateModified":"2018-09-19T23:10:19+00:00","breadcrumb":{"@id":"http:\/\/infinitofotografia.com.br\/wp2\/fotos-historicas\/#breadcrumb"},"inLanguage":"pt-PT","potentialAction":[{"@type":"ReadAction","target":["http:\/\/infinitofotografia.com.br\/wp2\/fotos-historicas\/"]}]},{"@type":"BreadcrumbList","@id":"http:\/\/infinitofotografia.com.br\/wp2\/fotos-historicas\/#breadcrumb","itemListElement":[{"@type":"ListItem","position":1,"name":"In\u00edcio","item":"http:\/\/infinitofotografia.com.br\/wp2\/"},{"@type":"ListItem","position":2,"name":"Fotos Hist\u00f3ricas"}]},{"@type":"WebSite","@id":"http:\/\/infinitofotografia.com.br\/wp2\/#website","url":"http:\/\/infinitofotografia.com.br\/wp2\/","name":"Infinito Fotografia","description":"","publisher":{"@id":"http:\/\/infinitofotografia.com.br\/wp2\/#organization"},"potentialAction":[{"@type":"SearchAction","target":{"@type":"EntryPoint","urlTemplate":"http:\/\/infinitofotografia.com.br\/wp2\/?s={search_term_string}"},"query-input":{"@type":"PropertyValueSpecification","valueRequired":true,"valueName":"search_term_string"}}],"inLanguage":"pt-PT"},{"@type":"Organization","@id":"http:\/\/infinitofotografia.com.br\/wp2\/#organization","name":"Infinito Fotografia","url":"http:\/\/infinitofotografia.com.br\/wp2\/","logo":{"@type":"ImageObject","inLanguage":"pt-PT","@id":"http:\/\/infinitofotografia.com.br\/wp2\/#\/schema\/logo\/image\/","url":"http:\/\/infinitofotografia.com.br\/wp2\/wp-content\/uploads\/2018\/06\/infinito_fotografia_logo_home.png","contentUrl":"http:\/\/infinitofotografia.com.br\/wp2\/wp-content\/uploads\/2018\/06\/infinito_fotografia_logo_home.png","width":150,"height":27,"caption":"Infinito Fotografia"},"image":{"@id":"http:\/\/infinitofotografia.com.br\/wp2\/#\/schema\/logo\/image\/"},"sameAs":["https:\/\/www.facebook.com\/infinitophotografia\/","https:\/\/www.instagram.com\/infinito_fotografia\/?hl=pt-br"]}]}},"_links":{"self":[{"href":"http:\/\/infinitofotografia.com.br\/wp2\/wp-json\/wp\/v2\/pages\/158","targetHints":{"allow":["GET"]}}],"collection":[{"href":"http:\/\/infinitofotografia.com.br\/wp2\/wp-json\/wp\/v2\/pages"}],"about":[{"href":"http:\/\/infinitofotografia.com.br\/wp2\/wp-json\/wp\/v2\/types\/page"}],"author":[{"embeddable":true,"href":"http:\/\/infinitofotografia.com.br\/wp2\/wp-json\/wp\/v2\/users\/1"}],"replies":[{"embeddable":true,"href":"http:\/\/infinitofotografia.com.br\/wp2\/wp-json\/wp\/v2\/comments?post=158"}],"version-history":[{"count":6,"href":"http:\/\/infinitofotografia.com.br\/wp2\/wp-json\/wp\/v2\/pages\/158\/revisions"}],"predecessor-version":[{"id":612,"href":"http:\/\/infinitofotografia.com.br\/wp2\/wp-json\/wp\/v2\/pages\/158\/revisions\/612"}],"wp:attachment":[{"href":"http:\/\/infinitofotografia.com.br\/wp2\/wp-json\/wp\/v2\/media?parent=158"}],"curies":[{"name":"wp","href":"https:\/\/api.w.org\/{rel}","templated":true}]}}