{"id":156,"date":"2018-07-03T22:55:50","date_gmt":"2018-07-03T22:55:50","guid":{"rendered":"http:\/\/infinitofotografia.com.br\/wp2\/?page_id=156"},"modified":"2018-07-03T23:15:10","modified_gmt":"2018-07-03T23:15:10","slug":"fotos-para-decoracao","status":"publish","type":"page","link":"http:\/\/infinitofotografia.com.br\/wp2\/fotos-para-decoracao\/","title":{"rendered":"Fotos para Decora\u00e7\u00e3o"},"content":{"rendered":"<h6><span style=\"color: #333399;\"><a href=\"http:\/\/infinitofotografia.com.br\/wp2\/fotos-historicas\/\">Hist\u00f3ricas<\/a>\u00a0 \u00a0 \u00a0 <a href=\"http:\/\/infinitofotografia.com.br\/wp2\/fine-art\/\">Fine Art<\/a>\u00a0 \u00a0 \u00a0 \u00a0<a href=\"http:\/\/infinitofotografia.com.br\/wp2\/lambe-lambe\/\">Lambe-Lambe<\/a><\/span><\/h6>\n","protected":false},"excerpt":{"rendered":"<p>Hist\u00f3ricas\u00a0 \u00a0 \u00a0 Fine Art\u00a0 \u00a0 \u00a0 \u00a0Lambe-Lambe<\/p>\n","protected":false},"author":1,"featured_media":0,"parent":0,"menu_order":0,"comment_status":"closed","ping_status":"closed","template":"","meta":{"footnotes":""},"class_list":["post-156","page","type-page","status-publish","hentry"],"yoast_head":"<!-- This site is optimized with the Yoast SEO plugin v27.5 - https:\/\/yoast.com\/product\/yoast-seo-wordpress\/ -->\n<title>Fotos para Decora\u00e7\u00e3o &#8902; Infinito Fotografia<\/title>\n<meta name=\"robots\" content=\"index, follow, max-snippet:-1, max-image-preview:large, max-video-preview:-1\" \/>\n<link rel=\"canonical\" href=\"http:\/\/infinitofotografia.com.br\/wp2\/fotos-para-decoracao\/\" \/>\n<meta property=\"og:locale\" content=\"pt_PT\" \/>\n<meta property=\"og:type\" content=\"article\" \/>\n<meta property=\"og:title\" content=\"Fotos para Decora\u00e7\u00e3o &#8902; Infinito Fotografia\" \/>\n<meta property=\"og:description\" content=\"Hist\u00f3ricas\u00a0 \u00a0 \u00a0 Fine Art\u00a0 \u00a0 \u00a0 \u00a0Lambe-Lambe\" \/>\n<meta property=\"og:url\" content=\"http:\/\/infinitofotografia.com.br\/wp2\/fotos-para-decoracao\/\" \/>\n<meta property=\"og:site_name\" content=\"Infinito Fotografia\" \/>\n<meta property=\"article:publisher\" content=\"https:\/\/www.facebook.com\/infinitophotografia\/\" \/>\n<meta property=\"article:modified_time\" content=\"2018-07-03T23:15:10+00:00\" \/>\n<meta name=\"twitter:card\" content=\"summary_large_image\" \/>\n<script type=\"application\/ld+json\" class=\"yoast-schema-graph\">{\"@context\":\"https:\\\/\\\/schema.org\",\"@graph\":[{\"@type\":\"WebPage\",\"@id\":\"http:\\\/\\\/infinitofotografia.com.br\\\/wp2\\\/fotos-para-decoracao\\\/\",\"url\":\"http:\\\/\\\/infinitofotografia.com.br\\\/wp2\\\/fotos-para-decoracao\\\/\",\"name\":\"Fotos para Decora\u00e7\u00e3o &#8902; Infinito Fotografia\",\"isPartOf\":{\"@id\":\"http:\\\/\\\/infinitofotografia.com.br\\\/wp2\\\/#website\"},\"datePublished\":\"2018-07-03T22:55:50+00:00\",\"dateModified\":\"2018-07-03T23:15:10+00:00\",\"breadcrumb\":{\"@id\":\"http:\\\/\\\/infinitofotografia.com.br\\\/wp2\\\/fotos-para-decoracao\\\/#breadcrumb\"},\"inLanguage\":\"pt-PT\",\"potentialAction\":[{\"@type\":\"ReadAction\",\"target\":[\"http:\\\/\\\/infinitofotografia.com.br\\\/wp2\\\/fotos-para-decoracao\\\/\"]}]},{\"@type\":\"BreadcrumbList\",\"@id\":\"http:\\\/\\\/infinitofotografia.com.br\\\/wp2\\\/fotos-para-decoracao\\\/#breadcrumb\",\"itemListElement\":[{\"@type\":\"ListItem\",\"position\":1,\"name\":\"In\u00edcio\",\"item\":\"http:\\\/\\\/infinitofotografia.com.br\\\/wp2\\\/\"},{\"@type\":\"ListItem\",\"position\":2,\"name\":\"Fotos para Decora\u00e7\u00e3o\"}]},{\"@type\":\"WebSite\",\"@id\":\"http:\\\/\\\/infinitofotografia.com.br\\\/wp2\\\/#website\",\"url\":\"http:\\\/\\\/infinitofotografia.com.br\\\/wp2\\\/\",\"name\":\"Infinito Fotografia\",\"description\":\"\",\"publisher\":{\"@id\":\"http:\\\/\\\/infinitofotografia.com.br\\\/wp2\\\/#organization\"},\"potentialAction\":[{\"@type\":\"SearchAction\",\"target\":{\"@type\":\"EntryPoint\",\"urlTemplate\":\"http:\\\/\\\/infinitofotografia.com.br\\\/wp2\\\/?s={search_term_string}\"},\"query-input\":{\"@type\":\"PropertyValueSpecification\",\"valueRequired\":true,\"valueName\":\"search_term_string\"}}],\"inLanguage\":\"pt-PT\"},{\"@type\":\"Organization\",\"@id\":\"http:\\\/\\\/infinitofotografia.com.br\\\/wp2\\\/#organization\",\"name\":\"Infinito Fotografia\",\"url\":\"http:\\\/\\\/infinitofotografia.com.br\\\/wp2\\\/\",\"logo\":{\"@type\":\"ImageObject\",\"inLanguage\":\"pt-PT\",\"@id\":\"http:\\\/\\\/infinitofotografia.com.br\\\/wp2\\\/#\\\/schema\\\/logo\\\/image\\\/\",\"url\":\"http:\\\/\\\/infinitofotografia.com.br\\\/wp2\\\/wp-content\\\/uploads\\\/2018\\\/06\\\/infinito_fotografia_logo_home.png\",\"contentUrl\":\"http:\\\/\\\/infinitofotografia.com.br\\\/wp2\\\/wp-content\\\/uploads\\\/2018\\\/06\\\/infinito_fotografia_logo_home.png\",\"width\":150,\"height\":27,\"caption\":\"Infinito Fotografia\"},\"image\":{\"@id\":\"http:\\\/\\\/infinitofotografia.com.br\\\/wp2\\\/#\\\/schema\\\/logo\\\/image\\\/\"},\"sameAs\":[\"https:\\\/\\\/www.facebook.com\\\/infinitophotografia\\\/\",\"https:\\\/\\\/www.instagram.com\\\/infinito_fotografia\\\/?hl=pt-br\"]}]}<\/script>\n<!-- \/ Yoast SEO plugin. -->","yoast_head_json":{"title":"Fotos para Decora\u00e7\u00e3o &#8902; Infinito Fotografia","robots":{"index":"index","follow":"follow","max-snippet":"max-snippet:-1","max-image-preview":"max-image-preview:large","max-video-preview":"max-video-preview:-1"},"canonical":"http:\/\/infinitofotografia.com.br\/wp2\/fotos-para-decoracao\/","og_locale":"pt_PT","og_type":"article","og_title":"Fotos para Decora\u00e7\u00e3o &#8902; Infinito Fotografia","og_description":"Hist\u00f3ricas\u00a0 \u00a0 \u00a0 Fine Art\u00a0 \u00a0 \u00a0 \u00a0Lambe-Lambe","og_url":"http:\/\/infinitofotografia.com.br\/wp2\/fotos-para-decoracao\/","og_site_name":"Infinito Fotografia","article_publisher":"https:\/\/www.facebook.com\/infinitophotografia\/","article_modified_time":"2018-07-03T23:15:10+00:00","twitter_card":"summary_large_image","schema":{"@context":"https:\/\/schema.org","@graph":[{"@type":"WebPage","@id":"http:\/\/infinitofotografia.com.br\/wp2\/fotos-para-decoracao\/","url":"http:\/\/infinitofotografia.com.br\/wp2\/fotos-para-decoracao\/","name":"Fotos para Decora\u00e7\u00e3o &#8902; Infinito Fotografia","isPartOf":{"@id":"http:\/\/infinitofotografia.com.br\/wp2\/#website"},"datePublished":"2018-07-03T22:55:50+00:00","dateModified":"2018-07-03T23:15:10+00:00","breadcrumb":{"@id":"http:\/\/infinitofotografia.com.br\/wp2\/fotos-para-decoracao\/#breadcrumb"},"inLanguage":"pt-PT","potentialAction":[{"@type":"ReadAction","target":["http:\/\/infinitofotografia.com.br\/wp2\/fotos-para-decoracao\/"]}]},{"@type":"BreadcrumbList","@id":"http:\/\/infinitofotografia.com.br\/wp2\/fotos-para-decoracao\/#breadcrumb","itemListElement":[{"@type":"ListItem","position":1,"name":"In\u00edcio","item":"http:\/\/infinitofotografia.com.br\/wp2\/"},{"@type":"ListItem","position":2,"name":"Fotos para Decora\u00e7\u00e3o"}]},{"@type":"WebSite","@id":"http:\/\/infinitofotografia.com.br\/wp2\/#website","url":"http:\/\/infinitofotografia.com.br\/wp2\/","name":"Infinito Fotografia","description":"","publisher":{"@id":"http:\/\/infinitofotografia.com.br\/wp2\/#organization"},"potentialAction":[{"@type":"SearchAction","target":{"@type":"EntryPoint","urlTemplate":"http:\/\/infinitofotografia.com.br\/wp2\/?s={search_term_string}"},"query-input":{"@type":"PropertyValueSpecification","valueRequired":true,"valueName":"search_term_string"}}],"inLanguage":"pt-PT"},{"@type":"Organization","@id":"http:\/\/infinitofotografia.com.br\/wp2\/#organization","name":"Infinito Fotografia","url":"http:\/\/infinitofotografia.com.br\/wp2\/","logo":{"@type":"ImageObject","inLanguage":"pt-PT","@id":"http:\/\/infinitofotografia.com.br\/wp2\/#\/schema\/logo\/image\/","url":"http:\/\/infinitofotografia.com.br\/wp2\/wp-content\/uploads\/2018\/06\/infinito_fotografia_logo_home.png","contentUrl":"http:\/\/infinitofotografia.com.br\/wp2\/wp-content\/uploads\/2018\/06\/infinito_fotografia_logo_home.png","width":150,"height":27,"caption":"Infinito Fotografia"},"image":{"@id":"http:\/\/infinitofotografia.com.br\/wp2\/#\/schema\/logo\/image\/"},"sameAs":["https:\/\/www.facebook.com\/infinitophotografia\/","https:\/\/www.instagram.com\/infinito_fotografia\/?hl=pt-br"]}]}},"_links":{"self":[{"href":"http:\/\/infinitofotografia.com.br\/wp2\/wp-json\/wp\/v2\/pages\/156","targetHints":{"allow":["GET"]}}],"collection":[{"href":"http:\/\/infinitofotografia.com.br\/wp2\/wp-json\/wp\/v2\/pages"}],"about":[{"href":"http:\/\/infinitofotografia.com.br\/wp2\/wp-json\/wp\/v2\/types\/page"}],"author":[{"embeddable":true,"href":"http:\/\/infinitofotografia.com.br\/wp2\/wp-json\/wp\/v2\/users\/1"}],"replies":[{"embeddable":true,"href":"http:\/\/infinitofotografia.com.br\/wp2\/wp-json\/wp\/v2\/comments?post=156"}],"version-history":[{"count":3,"href":"http:\/\/infinitofotografia.com.br\/wp2\/wp-json\/wp\/v2\/pages\/156\/revisions"}],"predecessor-version":[{"id":174,"href":"http:\/\/infinitofotografia.com.br\/wp2\/wp-json\/wp\/v2\/pages\/156\/revisions\/174"}],"wp:attachment":[{"href":"http:\/\/infinitofotografia.com.br\/wp2\/wp-json\/wp\/v2\/media?parent=156"}],"curies":[{"name":"wp","href":"https:\/\/api.w.org\/{rel}","templated":true}]}}