{"id":146,"date":"2018-07-08T16:57:21","date_gmt":"2018-07-08T16:57:21","guid":{"rendered":"http:\/\/infinitofotografia.com.br\/wp2\/?page_id=146"},"modified":"2018-10-15T19:19:52","modified_gmt":"2018-10-15T19:19:52","slug":"produtos-e-gastronomia","status":"publish","type":"page","link":"http:\/\/infinitofotografia.com.br\/wp2\/servicos\/produtos-e-gastronomia\/","title":{"rendered":"Produtos e Gastronomia"},"content":{"rendered":"<h3><em><strong>&nbsp;Fotografamos para o seu bar, lanchonete, caf\u00e9 ou restaurante. Temos a melhor solu\u00e7\u00e3o fotogr\u00e1fica. Tamb\u00e9m somos especializados em pequenos produtos. <a href=\"http:\/\/infinitofotografia.com.br\/wp2\/contato\/\">Pe\u00e7a um or\u00e7amento<\/a>!<\/strong><\/em><\/h3>\n<p><!--more--><\/p>\n<p style=\"text-align: justify;\"><img loading=\"lazy\" decoding=\"async\" class=\"alignleft wp-image-147\" src=\"http:\/\/infinitofotografia.com.br\/wp2\/wp-content\/uploads\/2018\/06\/Infinito_fotografia_by_EricoMabellini_004.jpg\" alt=\"\" width=\"202\" height=\"135\" srcset=\"http:\/\/infinitofotografia.com.br\/wp2\/wp-content\/uploads\/2018\/06\/Infinito_fotografia_by_EricoMabellini_004.jpg 1920w, http:\/\/infinitofotografia.com.br\/wp2\/wp-content\/uploads\/2018\/06\/Infinito_fotografia_by_EricoMabellini_004-300x200.jpg 300w, http:\/\/infinitofotografia.com.br\/wp2\/wp-content\/uploads\/2018\/06\/Infinito_fotografia_by_EricoMabellini_004-768x512.jpg 768w, http:\/\/infinitofotografia.com.br\/wp2\/wp-content\/uploads\/2018\/06\/Infinito_fotografia_by_EricoMabellini_004-1024x683.jpg 1024w\" sizes=\"auto, (max-width: 202px) 100vw, 202px\" \/>Um belo ambiente, um prato bem elaborado, uma bebida bem apesentada. Esse \u00e9 o caminho certo para atrair seus futuros clientes. Fa\u00e7a conosco as fotos de sua promo\u00e7\u00e3o e de seu card\u00e1pio. Servi\u00e7o r\u00e1pido e com qualidade \u00e9 com a equipe da <strong>Infinito Fotografia<\/strong>.<\/p>\n<p>&nbsp;<\/p>\n<p>[ngg src=&#8221;albums&#8221; ids=&#8221;15&#8243; display=&#8221;basic_extended_album&#8221;]<\/p>\n","protected":false},"excerpt":{"rendered":"<p>&nbsp;Fotografamos para o seu bar, lanchonete, caf\u00e9 ou restaurante. Temos a melhor solu\u00e7\u00e3o fotogr\u00e1fica. Tamb\u00e9m somos especializados em pequenos produtos. Pe\u00e7a um or\u00e7amento!<\/p>\n","protected":false},"author":1,"featured_media":147,"parent":19,"menu_order":0,"comment_status":"closed","ping_status":"closed","template":"","meta":{"footnotes":""},"class_list":["post-146","page","type-page","status-publish","has-post-thumbnail","hentry"],"yoast_head":"<!-- This site is optimized with the Yoast SEO plugin v27.5 - https:\/\/yoast.com\/product\/yoast-seo-wordpress\/ -->\n<title>Produtos e Gastronomia &#8902; Infinito Fotografia<\/title>\n<meta name=\"robots\" content=\"index, follow, max-snippet:-1, max-image-preview:large, max-video-preview:-1\" \/>\n<link rel=\"canonical\" href=\"http:\/\/infinitofotografia.com.br\/wp2\/servicos\/produtos-e-gastronomia\/\" \/>\n<meta property=\"og:locale\" content=\"pt_PT\" \/>\n<meta property=\"og:type\" content=\"article\" \/>\n<meta property=\"og:title\" content=\"Produtos e Gastronomia &#8902; Infinito Fotografia\" \/>\n<meta property=\"og:description\" content=\"&nbsp;Fotografamos para o seu bar, lanchonete, caf\u00e9 ou restaurante. Temos a melhor solu\u00e7\u00e3o fotogr\u00e1fica. Tamb\u00e9m somos especializados em pequenos produtos. Pe\u00e7a um or\u00e7amento!\" \/>\n<meta property=\"og:url\" content=\"http:\/\/infinitofotografia.com.br\/wp2\/servicos\/produtos-e-gastronomia\/\" \/>\n<meta property=\"og:site_name\" content=\"Infinito Fotografia\" \/>\n<meta property=\"article:publisher\" content=\"https:\/\/www.facebook.com\/infinitophotografia\/\" \/>\n<meta property=\"article:modified_time\" content=\"2018-10-15T19:19:52+00:00\" \/>\n<meta property=\"og:image\" content=\"http:\/\/infinitofotografia.com.br\/wp2\/wp-content\/uploads\/2018\/06\/Infinito_fotografia_by_EricoMabellini_004.jpg\" \/>\n\t<meta property=\"og:image:width\" content=\"1920\" \/>\n\t<meta property=\"og:image:height\" content=\"1280\" \/>\n\t<meta property=\"og:image:type\" content=\"image\/jpeg\" \/>\n<meta name=\"twitter:card\" content=\"summary_large_image\" \/>\n<script type=\"application\/ld+json\" class=\"yoast-schema-graph\">{\"@context\":\"https:\\\/\\\/schema.org\",\"@graph\":[{\"@type\":\"WebPage\",\"@id\":\"http:\\\/\\\/infinitofotografia.com.br\\\/wp2\\\/servicos\\\/produtos-e-gastronomia\\\/\",\"url\":\"http:\\\/\\\/infinitofotografia.com.br\\\/wp2\\\/servicos\\\/produtos-e-gastronomia\\\/\",\"name\":\"Produtos e Gastronomia &#8902; Infinito Fotografia\",\"isPartOf\":{\"@id\":\"http:\\\/\\\/infinitofotografia.com.br\\\/wp2\\\/#website\"},\"primaryImageOfPage\":{\"@id\":\"http:\\\/\\\/infinitofotografia.com.br\\\/wp2\\\/servicos\\\/produtos-e-gastronomia\\\/#primaryimage\"},\"image\":{\"@id\":\"http:\\\/\\\/infinitofotografia.com.br\\\/wp2\\\/servicos\\\/produtos-e-gastronomia\\\/#primaryimage\"},\"thumbnailUrl\":\"http:\\\/\\\/infinitofotografia.com.br\\\/wp2\\\/wp-content\\\/uploads\\\/2018\\\/06\\\/Infinito_fotografia_by_EricoMabellini_004.jpg\",\"datePublished\":\"2018-07-08T16:57:21+00:00\",\"dateModified\":\"2018-10-15T19:19:52+00:00\",\"breadcrumb\":{\"@id\":\"http:\\\/\\\/infinitofotografia.com.br\\\/wp2\\\/servicos\\\/produtos-e-gastronomia\\\/#breadcrumb\"},\"inLanguage\":\"pt-PT\",\"potentialAction\":[{\"@type\":\"ReadAction\",\"target\":[\"http:\\\/\\\/infinitofotografia.com.br\\\/wp2\\\/servicos\\\/produtos-e-gastronomia\\\/\"]}]},{\"@type\":\"ImageObject\",\"inLanguage\":\"pt-PT\",\"@id\":\"http:\\\/\\\/infinitofotografia.com.br\\\/wp2\\\/servicos\\\/produtos-e-gastronomia\\\/#primaryimage\",\"url\":\"http:\\\/\\\/infinitofotografia.com.br\\\/wp2\\\/wp-content\\\/uploads\\\/2018\\\/06\\\/Infinito_fotografia_by_EricoMabellini_004.jpg\",\"contentUrl\":\"http:\\\/\\\/infinitofotografia.com.br\\\/wp2\\\/wp-content\\\/uploads\\\/2018\\\/06\\\/Infinito_fotografia_by_EricoMabellini_004.jpg\",\"width\":1920,\"height\":1280},{\"@type\":\"BreadcrumbList\",\"@id\":\"http:\\\/\\\/infinitofotografia.com.br\\\/wp2\\\/servicos\\\/produtos-e-gastronomia\\\/#breadcrumb\",\"itemListElement\":[{\"@type\":\"ListItem\",\"position\":1,\"name\":\"In\u00edcio\",\"item\":\"http:\\\/\\\/infinitofotografia.com.br\\\/wp2\\\/\"},{\"@type\":\"ListItem\",\"position\":2,\"name\":\"Servi\u00e7os\",\"item\":\"http:\\\/\\\/infinitofotografia.com.br\\\/wp2\\\/servicos\\\/\"},{\"@type\":\"ListItem\",\"position\":3,\"name\":\"Produtos e Gastronomia\"}]},{\"@type\":\"WebSite\",\"@id\":\"http:\\\/\\\/infinitofotografia.com.br\\\/wp2\\\/#website\",\"url\":\"http:\\\/\\\/infinitofotografia.com.br\\\/wp2\\\/\",\"name\":\"Infinito Fotografia\",\"description\":\"\",\"publisher\":{\"@id\":\"http:\\\/\\\/infinitofotografia.com.br\\\/wp2\\\/#organization\"},\"potentialAction\":[{\"@type\":\"SearchAction\",\"target\":{\"@type\":\"EntryPoint\",\"urlTemplate\":\"http:\\\/\\\/infinitofotografia.com.br\\\/wp2\\\/?s={search_term_string}\"},\"query-input\":{\"@type\":\"PropertyValueSpecification\",\"valueRequired\":true,\"valueName\":\"search_term_string\"}}],\"inLanguage\":\"pt-PT\"},{\"@type\":\"Organization\",\"@id\":\"http:\\\/\\\/infinitofotografia.com.br\\\/wp2\\\/#organization\",\"name\":\"Infinito Fotografia\",\"url\":\"http:\\\/\\\/infinitofotografia.com.br\\\/wp2\\\/\",\"logo\":{\"@type\":\"ImageObject\",\"inLanguage\":\"pt-PT\",\"@id\":\"http:\\\/\\\/infinitofotografia.com.br\\\/wp2\\\/#\\\/schema\\\/logo\\\/image\\\/\",\"url\":\"http:\\\/\\\/infinitofotografia.com.br\\\/wp2\\\/wp-content\\\/uploads\\\/2018\\\/06\\\/infinito_fotografia_logo_home.png\",\"contentUrl\":\"http:\\\/\\\/infinitofotografia.com.br\\\/wp2\\\/wp-content\\\/uploads\\\/2018\\\/06\\\/infinito_fotografia_logo_home.png\",\"width\":150,\"height\":27,\"caption\":\"Infinito Fotografia\"},\"image\":{\"@id\":\"http:\\\/\\\/infinitofotografia.com.br\\\/wp2\\\/#\\\/schema\\\/logo\\\/image\\\/\"},\"sameAs\":[\"https:\\\/\\\/www.facebook.com\\\/infinitophotografia\\\/\",\"https:\\\/\\\/www.instagram.com\\\/infinito_fotografia\\\/?hl=pt-br\"]}]}<\/script>\n<!-- \/ Yoast SEO plugin. -->","yoast_head_json":{"title":"Produtos e Gastronomia &#8902; Infinito Fotografia","robots":{"index":"index","follow":"follow","max-snippet":"max-snippet:-1","max-image-preview":"max-image-preview:large","max-video-preview":"max-video-preview:-1"},"canonical":"http:\/\/infinitofotografia.com.br\/wp2\/servicos\/produtos-e-gastronomia\/","og_locale":"pt_PT","og_type":"article","og_title":"Produtos e Gastronomia &#8902; Infinito Fotografia","og_description":"&nbsp;Fotografamos para o seu bar, lanchonete, caf\u00e9 ou restaurante. Temos a melhor solu\u00e7\u00e3o fotogr\u00e1fica. Tamb\u00e9m somos especializados em pequenos produtos. Pe\u00e7a um or\u00e7amento!","og_url":"http:\/\/infinitofotografia.com.br\/wp2\/servicos\/produtos-e-gastronomia\/","og_site_name":"Infinito Fotografia","article_publisher":"https:\/\/www.facebook.com\/infinitophotografia\/","article_modified_time":"2018-10-15T19:19:52+00:00","og_image":[{"width":1920,"height":1280,"url":"http:\/\/infinitofotografia.com.br\/wp2\/wp-content\/uploads\/2018\/06\/Infinito_fotografia_by_EricoMabellini_004.jpg","type":"image\/jpeg"}],"twitter_card":"summary_large_image","schema":{"@context":"https:\/\/schema.org","@graph":[{"@type":"WebPage","@id":"http:\/\/infinitofotografia.com.br\/wp2\/servicos\/produtos-e-gastronomia\/","url":"http:\/\/infinitofotografia.com.br\/wp2\/servicos\/produtos-e-gastronomia\/","name":"Produtos e Gastronomia &#8902; Infinito Fotografia","isPartOf":{"@id":"http:\/\/infinitofotografia.com.br\/wp2\/#website"},"primaryImageOfPage":{"@id":"http:\/\/infinitofotografia.com.br\/wp2\/servicos\/produtos-e-gastronomia\/#primaryimage"},"image":{"@id":"http:\/\/infinitofotografia.com.br\/wp2\/servicos\/produtos-e-gastronomia\/#primaryimage"},"thumbnailUrl":"http:\/\/infinitofotografia.com.br\/wp2\/wp-content\/uploads\/2018\/06\/Infinito_fotografia_by_EricoMabellini_004.jpg","datePublished":"2018-07-08T16:57:21+00:00","dateModified":"2018-10-15T19:19:52+00:00","breadcrumb":{"@id":"http:\/\/infinitofotografia.com.br\/wp2\/servicos\/produtos-e-gastronomia\/#breadcrumb"},"inLanguage":"pt-PT","potentialAction":[{"@type":"ReadAction","target":["http:\/\/infinitofotografia.com.br\/wp2\/servicos\/produtos-e-gastronomia\/"]}]},{"@type":"ImageObject","inLanguage":"pt-PT","@id":"http:\/\/infinitofotografia.com.br\/wp2\/servicos\/produtos-e-gastronomia\/#primaryimage","url":"http:\/\/infinitofotografia.com.br\/wp2\/wp-content\/uploads\/2018\/06\/Infinito_fotografia_by_EricoMabellini_004.jpg","contentUrl":"http:\/\/infinitofotografia.com.br\/wp2\/wp-content\/uploads\/2018\/06\/Infinito_fotografia_by_EricoMabellini_004.jpg","width":1920,"height":1280},{"@type":"BreadcrumbList","@id":"http:\/\/infinitofotografia.com.br\/wp2\/servicos\/produtos-e-gastronomia\/#breadcrumb","itemListElement":[{"@type":"ListItem","position":1,"name":"In\u00edcio","item":"http:\/\/infinitofotografia.com.br\/wp2\/"},{"@type":"ListItem","position":2,"name":"Servi\u00e7os","item":"http:\/\/infinitofotografia.com.br\/wp2\/servicos\/"},{"@type":"ListItem","position":3,"name":"Produtos e Gastronomia"}]},{"@type":"WebSite","@id":"http:\/\/infinitofotografia.com.br\/wp2\/#website","url":"http:\/\/infinitofotografia.com.br\/wp2\/","name":"Infinito Fotografia","description":"","publisher":{"@id":"http:\/\/infinitofotografia.com.br\/wp2\/#organization"},"potentialAction":[{"@type":"SearchAction","target":{"@type":"EntryPoint","urlTemplate":"http:\/\/infinitofotografia.com.br\/wp2\/?s={search_term_string}"},"query-input":{"@type":"PropertyValueSpecification","valueRequired":true,"valueName":"search_term_string"}}],"inLanguage":"pt-PT"},{"@type":"Organization","@id":"http:\/\/infinitofotografia.com.br\/wp2\/#organization","name":"Infinito Fotografia","url":"http:\/\/infinitofotografia.com.br\/wp2\/","logo":{"@type":"ImageObject","inLanguage":"pt-PT","@id":"http:\/\/infinitofotografia.com.br\/wp2\/#\/schema\/logo\/image\/","url":"http:\/\/infinitofotografia.com.br\/wp2\/wp-content\/uploads\/2018\/06\/infinito_fotografia_logo_home.png","contentUrl":"http:\/\/infinitofotografia.com.br\/wp2\/wp-content\/uploads\/2018\/06\/infinito_fotografia_logo_home.png","width":150,"height":27,"caption":"Infinito Fotografia"},"image":{"@id":"http:\/\/infinitofotografia.com.br\/wp2\/#\/schema\/logo\/image\/"},"sameAs":["https:\/\/www.facebook.com\/infinitophotografia\/","https:\/\/www.instagram.com\/infinito_fotografia\/?hl=pt-br"]}]}},"_links":{"self":[{"href":"http:\/\/infinitofotografia.com.br\/wp2\/wp-json\/wp\/v2\/pages\/146","targetHints":{"allow":["GET"]}}],"collection":[{"href":"http:\/\/infinitofotografia.com.br\/wp2\/wp-json\/wp\/v2\/pages"}],"about":[{"href":"http:\/\/infinitofotografia.com.br\/wp2\/wp-json\/wp\/v2\/types\/page"}],"author":[{"embeddable":true,"href":"http:\/\/infinitofotografia.com.br\/wp2\/wp-json\/wp\/v2\/users\/1"}],"replies":[{"embeddable":true,"href":"http:\/\/infinitofotografia.com.br\/wp2\/wp-json\/wp\/v2\/comments?post=146"}],"version-history":[{"count":14,"href":"http:\/\/infinitofotografia.com.br\/wp2\/wp-json\/wp\/v2\/pages\/146\/revisions"}],"predecessor-version":[{"id":1100,"href":"http:\/\/infinitofotografia.com.br\/wp2\/wp-json\/wp\/v2\/pages\/146\/revisions\/1100"}],"up":[{"embeddable":true,"href":"http:\/\/infinitofotografia.com.br\/wp2\/wp-json\/wp\/v2\/pages\/19"}],"wp:featuredmedia":[{"embeddable":true,"href":"http:\/\/infinitofotografia.com.br\/wp2\/wp-json\/wp\/v2\/media\/147"}],"wp:attachment":[{"href":"http:\/\/infinitofotografia.com.br\/wp2\/wp-json\/wp\/v2\/media?parent=146"}],"curies":[{"name":"wp","href":"https:\/\/api.w.org\/{rel}","templated":true}]}}