{"id":12,"date":"2018-06-18T21:57:19","date_gmt":"2018-06-18T21:57:19","guid":{"rendered":"http:\/\/infinitofotografia.com.br\/wp2\/?page_id=12"},"modified":"2018-07-25T17:11:44","modified_gmt":"2018-07-25T17:11:44","slug":"quem-somos","status":"publish","type":"page","link":"http:\/\/infinitofotografia.com.br\/wp2\/quem-somos\/","title":{"rendered":"Quem Somos"},"content":{"rendered":"<div id=\"attachment_286\" style=\"width: 810px\" class=\"wp-caption aligncenter\"><img loading=\"lazy\" decoding=\"async\" aria-describedby=\"caption-attachment-286\" class=\"size-full wp-image-286\" src=\"http:\/\/infinitofotografia.com.br\/wp2\/wp-content\/uploads\/2018\/07\/New_York_New_York.jpg\" alt=\"\" width=\"800\" height=\"275\" srcset=\"http:\/\/infinitofotografia.com.br\/wp2\/wp-content\/uploads\/2018\/07\/New_York_New_York.jpg 800w, http:\/\/infinitofotografia.com.br\/wp2\/wp-content\/uploads\/2018\/07\/New_York_New_York-300x103.jpg 300w, http:\/\/infinitofotografia.com.br\/wp2\/wp-content\/uploads\/2018\/07\/New_York_New_York-768x264.jpg 768w\" sizes=\"auto, (max-width: 800px) 100vw, 800px\" \/><p id=\"caption-attachment-286\" class=\"wp-caption-text\"><span style=\"color: #999999;\"><em>Foto: Erico Mabellini<\/em><\/span><\/p><\/div>\n<p style=\"text-align: justify;\">A<strong> Infinito Fotografia<\/strong> \u00e9 mais do que uma empresa de servi\u00e7os fotogr\u00e1ficos ou uma Escola de Fotografia. A Infinito Fotografia foi criada com inten\u00e7\u00e3o de eternizar a paix\u00e3o pela fotografia.<\/p>\n<p style=\"text-align: justify;\">Para n\u00f3s, a fotografia \u00e9 mais do que arte ou t\u00e9cnica, \u00e9 toda uma vida de dedica\u00e7\u00e3o di\u00e1ria, sem f\u00e9rias ou descanso.<\/p>\n<p style=\"text-align: justify;\">Amamos o que fazemos, por isso procuramos incansavelmente fazer o melhor.<\/p>\n<p style=\"text-align: justify;\">Entre em <a href=\"http:\/\/infinitofotografia.com.br\/wp2\/contato\/\">contato<\/a> conosco e pergunte o que podemos fazer por voc\u00ea ou sua empresa. Temos <a href=\"http:\/\/infinitofotografia.com.br\/wp2\/2018\/06\/18\/cursos\/\">cursos<\/a>, passeios e workshops que podemos preparar&nbsp;para atividades individuais ou mesmo grupos de amigos e corporativos.<\/p>\n<p style=\"text-align: justify;\">Nossos <a href=\"http:\/\/infinitofotografia.com.br\/wp2\/servicos\/\">servi\u00e7os fotogr\u00e1ficos<\/a> seguem a miss\u00e3o de nossa empresa, fazer sempre o melhor, sem medir esfor\u00e7os para alcan\u00e7ar a satisfa\u00e7\u00e3o de nossos clientes. O que prometemos cumprimos!<\/p>\n<p style=\"text-align: justify;\">Diretor da <strong>Infinito Fotografia<\/strong>, o fot\u00f3grafo <a href=\"http:\/\/www.mabellini.fot.br\" target=\"_blank\" rel=\"noopener\">Erico Mabellini<\/a>, dedica-se a estudar a fotografia e aplic\u00e1-la da melhor maneira. Gosta de dizer que: &#8220;O grande m\u00e9rito de um fot\u00f3grafo est\u00e1 na busca incessante da perfei\u00e7\u00e3o t\u00e9cnica, da beleza e da express\u00e3o social.&#8221;<\/p>\n","protected":false},"excerpt":{"rendered":"<p>A Infinito Fotografia \u00e9 mais do que uma empresa de servi\u00e7os fotogr\u00e1ficos ou uma Escola de Fotografia. A Infinito Fotografia foi criada com inten\u00e7\u00e3o de eternizar a paix\u00e3o pela fotografia. Para n\u00f3s, a fotografia \u00e9 mais do que arte ou t\u00e9cnica, \u00e9 toda uma vida de dedica\u00e7\u00e3o di\u00e1ria, sem f\u00e9rias ou descanso. Amamos o que [&hellip;]<\/p>\n","protected":false},"author":1,"featured_media":286,"parent":0,"menu_order":0,"comment_status":"closed","ping_status":"closed","template":"","meta":{"footnotes":""},"class_list":["post-12","page","type-page","status-publish","has-post-thumbnail","hentry"],"yoast_head":"<!-- This site is optimized with the Yoast SEO plugin v27.5 - https:\/\/yoast.com\/product\/yoast-seo-wordpress\/ -->\n<title>Quem Somos &#8902; Infinito Fotografia<\/title>\n<meta name=\"description\" content=\"Infinito Fotografia \u00e9 mais do que uma empresa de servi\u00e7os fotogr\u00e1ficos ou uma Escola de Fotografia. A Infinito Fotografia foi criada com inten\u00e7\u00e3o de eternizar a paix\u00e3o pela fotografia.\" \/>\n<meta name=\"robots\" content=\"index, follow, max-snippet:-1, max-image-preview:large, max-video-preview:-1\" \/>\n<link rel=\"canonical\" href=\"http:\/\/infinitofotografia.com.br\/wp2\/quem-somos\/\" \/>\n<meta property=\"og:locale\" content=\"pt_PT\" \/>\n<meta property=\"og:type\" content=\"article\" \/>\n<meta property=\"og:title\" content=\"Quem Somos - Infinito Fotografia\" \/>\n<meta property=\"og:description\" content=\"Infinito Fotografia \u00e9 mais do que uma empresa de servi\u00e7os fotogr\u00e1ficos ou uma Escola de Fotografia. A Infinito Fotografia foi criada com inten\u00e7\u00e3o de eternizar a paix\u00e3o pela fotografia.\" \/>\n<meta property=\"og:url\" content=\"http:\/\/infinitofotografia.com.br\/wp2\/quem-somos\/\" \/>\n<meta property=\"og:site_name\" content=\"Infinito Fotografia\" \/>\n<meta property=\"article:publisher\" content=\"https:\/\/www.facebook.com\/infinitophotografia\/\" \/>\n<meta property=\"article:modified_time\" content=\"2018-07-25T17:11:44+00:00\" \/>\n<meta property=\"og:image\" content=\"http:\/\/infinitofotografia.com.br\/wp2\/wp-content\/uploads\/2018\/07\/New_York_New_York.jpg\" \/>\n\t<meta property=\"og:image:width\" content=\"800\" \/>\n\t<meta property=\"og:image:height\" content=\"275\" \/>\n\t<meta property=\"og:image:type\" content=\"image\/jpeg\" \/>\n<meta name=\"twitter:card\" content=\"summary_large_image\" \/>\n<meta name=\"twitter:title\" content=\"Quem Somos - Infinito Fotografia\" \/>\n<meta name=\"twitter:description\" content=\"Infinito Fotografia \u00e9 mais do que uma empresa de servi\u00e7os fotogr\u00e1ficos ou uma Escola de Fotografia. A Infinito Fotografia foi criada com inten\u00e7\u00e3o de eternizar a paix\u00e3o pela fotografia.\" \/>\n<meta name=\"twitter:label1\" content=\"Tempo estimado de leitura\" \/>\n\t<meta name=\"twitter:data1\" content=\"1 minuto\" \/>\n<script type=\"application\/ld+json\" class=\"yoast-schema-graph\">{\"@context\":\"https:\\\/\\\/schema.org\",\"@graph\":[{\"@type\":\"WebPage\",\"@id\":\"http:\\\/\\\/infinitofotografia.com.br\\\/wp2\\\/quem-somos\\\/\",\"url\":\"http:\\\/\\\/infinitofotografia.com.br\\\/wp2\\\/quem-somos\\\/\",\"name\":\"Quem Somos &#8902; Infinito Fotografia\",\"isPartOf\":{\"@id\":\"http:\\\/\\\/infinitofotografia.com.br\\\/wp2\\\/#website\"},\"primaryImageOfPage\":{\"@id\":\"http:\\\/\\\/infinitofotografia.com.br\\\/wp2\\\/quem-somos\\\/#primaryimage\"},\"image\":{\"@id\":\"http:\\\/\\\/infinitofotografia.com.br\\\/wp2\\\/quem-somos\\\/#primaryimage\"},\"thumbnailUrl\":\"http:\\\/\\\/infinitofotografia.com.br\\\/wp2\\\/wp-content\\\/uploads\\\/2018\\\/07\\\/New_York_New_York.jpg\",\"datePublished\":\"2018-06-18T21:57:19+00:00\",\"dateModified\":\"2018-07-25T17:11:44+00:00\",\"description\":\"Infinito Fotografia \u00e9 mais do que uma empresa de servi\u00e7os fotogr\u00e1ficos ou uma Escola de Fotografia. A Infinito Fotografia foi criada com inten\u00e7\u00e3o de eternizar a paix\u00e3o pela fotografia.\",\"breadcrumb\":{\"@id\":\"http:\\\/\\\/infinitofotografia.com.br\\\/wp2\\\/quem-somos\\\/#breadcrumb\"},\"inLanguage\":\"pt-PT\",\"potentialAction\":[{\"@type\":\"ReadAction\",\"target\":[\"http:\\\/\\\/infinitofotografia.com.br\\\/wp2\\\/quem-somos\\\/\"]}]},{\"@type\":\"ImageObject\",\"inLanguage\":\"pt-PT\",\"@id\":\"http:\\\/\\\/infinitofotografia.com.br\\\/wp2\\\/quem-somos\\\/#primaryimage\",\"url\":\"http:\\\/\\\/infinitofotografia.com.br\\\/wp2\\\/wp-content\\\/uploads\\\/2018\\\/07\\\/New_York_New_York.jpg\",\"contentUrl\":\"http:\\\/\\\/infinitofotografia.com.br\\\/wp2\\\/wp-content\\\/uploads\\\/2018\\\/07\\\/New_York_New_York.jpg\",\"width\":800,\"height\":275,\"caption\":\"Foto: Erico Mabellini\"},{\"@type\":\"BreadcrumbList\",\"@id\":\"http:\\\/\\\/infinitofotografia.com.br\\\/wp2\\\/quem-somos\\\/#breadcrumb\",\"itemListElement\":[{\"@type\":\"ListItem\",\"position\":1,\"name\":\"In\u00edcio\",\"item\":\"http:\\\/\\\/infinitofotografia.com.br\\\/wp2\\\/\"},{\"@type\":\"ListItem\",\"position\":2,\"name\":\"Quem Somos\"}]},{\"@type\":\"WebSite\",\"@id\":\"http:\\\/\\\/infinitofotografia.com.br\\\/wp2\\\/#website\",\"url\":\"http:\\\/\\\/infinitofotografia.com.br\\\/wp2\\\/\",\"name\":\"Infinito Fotografia\",\"description\":\"\",\"publisher\":{\"@id\":\"http:\\\/\\\/infinitofotografia.com.br\\\/wp2\\\/#organization\"},\"potentialAction\":[{\"@type\":\"SearchAction\",\"target\":{\"@type\":\"EntryPoint\",\"urlTemplate\":\"http:\\\/\\\/infinitofotografia.com.br\\\/wp2\\\/?s={search_term_string}\"},\"query-input\":{\"@type\":\"PropertyValueSpecification\",\"valueRequired\":true,\"valueName\":\"search_term_string\"}}],\"inLanguage\":\"pt-PT\"},{\"@type\":\"Organization\",\"@id\":\"http:\\\/\\\/infinitofotografia.com.br\\\/wp2\\\/#organization\",\"name\":\"Infinito Fotografia\",\"url\":\"http:\\\/\\\/infinitofotografia.com.br\\\/wp2\\\/\",\"logo\":{\"@type\":\"ImageObject\",\"inLanguage\":\"pt-PT\",\"@id\":\"http:\\\/\\\/infinitofotografia.com.br\\\/wp2\\\/#\\\/schema\\\/logo\\\/image\\\/\",\"url\":\"http:\\\/\\\/infinitofotografia.com.br\\\/wp2\\\/wp-content\\\/uploads\\\/2018\\\/06\\\/infinito_fotografia_logo_home.png\",\"contentUrl\":\"http:\\\/\\\/infinitofotografia.com.br\\\/wp2\\\/wp-content\\\/uploads\\\/2018\\\/06\\\/infinito_fotografia_logo_home.png\",\"width\":150,\"height\":27,\"caption\":\"Infinito Fotografia\"},\"image\":{\"@id\":\"http:\\\/\\\/infinitofotografia.com.br\\\/wp2\\\/#\\\/schema\\\/logo\\\/image\\\/\"},\"sameAs\":[\"https:\\\/\\\/www.facebook.com\\\/infinitophotografia\\\/\",\"https:\\\/\\\/www.instagram.com\\\/infinito_fotografia\\\/?hl=pt-br\"]}]}<\/script>\n<!-- \/ Yoast SEO plugin. -->","yoast_head_json":{"title":"Quem Somos &#8902; Infinito Fotografia","description":"Infinito Fotografia \u00e9 mais do que uma empresa de servi\u00e7os fotogr\u00e1ficos ou uma Escola de Fotografia. A Infinito Fotografia foi criada com inten\u00e7\u00e3o de eternizar a paix\u00e3o pela fotografia.","robots":{"index":"index","follow":"follow","max-snippet":"max-snippet:-1","max-image-preview":"max-image-preview:large","max-video-preview":"max-video-preview:-1"},"canonical":"http:\/\/infinitofotografia.com.br\/wp2\/quem-somos\/","og_locale":"pt_PT","og_type":"article","og_title":"Quem Somos - Infinito Fotografia","og_description":"Infinito Fotografia \u00e9 mais do que uma empresa de servi\u00e7os fotogr\u00e1ficos ou uma Escola de Fotografia. A Infinito Fotografia foi criada com inten\u00e7\u00e3o de eternizar a paix\u00e3o pela fotografia.","og_url":"http:\/\/infinitofotografia.com.br\/wp2\/quem-somos\/","og_site_name":"Infinito Fotografia","article_publisher":"https:\/\/www.facebook.com\/infinitophotografia\/","article_modified_time":"2018-07-25T17:11:44+00:00","og_image":[{"width":800,"height":275,"url":"http:\/\/infinitofotografia.com.br\/wp2\/wp-content\/uploads\/2018\/07\/New_York_New_York.jpg","type":"image\/jpeg"}],"twitter_card":"summary_large_image","twitter_title":"Quem Somos - Infinito Fotografia","twitter_description":"Infinito Fotografia \u00e9 mais do que uma empresa de servi\u00e7os fotogr\u00e1ficos ou uma Escola de Fotografia. A Infinito Fotografia foi criada com inten\u00e7\u00e3o de eternizar a paix\u00e3o pela fotografia.","twitter_misc":{"Tempo estimado de leitura":"1 minuto"},"schema":{"@context":"https:\/\/schema.org","@graph":[{"@type":"WebPage","@id":"http:\/\/infinitofotografia.com.br\/wp2\/quem-somos\/","url":"http:\/\/infinitofotografia.com.br\/wp2\/quem-somos\/","name":"Quem Somos &#8902; Infinito Fotografia","isPartOf":{"@id":"http:\/\/infinitofotografia.com.br\/wp2\/#website"},"primaryImageOfPage":{"@id":"http:\/\/infinitofotografia.com.br\/wp2\/quem-somos\/#primaryimage"},"image":{"@id":"http:\/\/infinitofotografia.com.br\/wp2\/quem-somos\/#primaryimage"},"thumbnailUrl":"http:\/\/infinitofotografia.com.br\/wp2\/wp-content\/uploads\/2018\/07\/New_York_New_York.jpg","datePublished":"2018-06-18T21:57:19+00:00","dateModified":"2018-07-25T17:11:44+00:00","description":"Infinito Fotografia \u00e9 mais do que uma empresa de servi\u00e7os fotogr\u00e1ficos ou uma Escola de Fotografia. A Infinito Fotografia foi criada com inten\u00e7\u00e3o de eternizar a paix\u00e3o pela fotografia.","breadcrumb":{"@id":"http:\/\/infinitofotografia.com.br\/wp2\/quem-somos\/#breadcrumb"},"inLanguage":"pt-PT","potentialAction":[{"@type":"ReadAction","target":["http:\/\/infinitofotografia.com.br\/wp2\/quem-somos\/"]}]},{"@type":"ImageObject","inLanguage":"pt-PT","@id":"http:\/\/infinitofotografia.com.br\/wp2\/quem-somos\/#primaryimage","url":"http:\/\/infinitofotografia.com.br\/wp2\/wp-content\/uploads\/2018\/07\/New_York_New_York.jpg","contentUrl":"http:\/\/infinitofotografia.com.br\/wp2\/wp-content\/uploads\/2018\/07\/New_York_New_York.jpg","width":800,"height":275,"caption":"Foto: Erico Mabellini"},{"@type":"BreadcrumbList","@id":"http:\/\/infinitofotografia.com.br\/wp2\/quem-somos\/#breadcrumb","itemListElement":[{"@type":"ListItem","position":1,"name":"In\u00edcio","item":"http:\/\/infinitofotografia.com.br\/wp2\/"},{"@type":"ListItem","position":2,"name":"Quem Somos"}]},{"@type":"WebSite","@id":"http:\/\/infinitofotografia.com.br\/wp2\/#website","url":"http:\/\/infinitofotografia.com.br\/wp2\/","name":"Infinito Fotografia","description":"","publisher":{"@id":"http:\/\/infinitofotografia.com.br\/wp2\/#organization"},"potentialAction":[{"@type":"SearchAction","target":{"@type":"EntryPoint","urlTemplate":"http:\/\/infinitofotografia.com.br\/wp2\/?s={search_term_string}"},"query-input":{"@type":"PropertyValueSpecification","valueRequired":true,"valueName":"search_term_string"}}],"inLanguage":"pt-PT"},{"@type":"Organization","@id":"http:\/\/infinitofotografia.com.br\/wp2\/#organization","name":"Infinito Fotografia","url":"http:\/\/infinitofotografia.com.br\/wp2\/","logo":{"@type":"ImageObject","inLanguage":"pt-PT","@id":"http:\/\/infinitofotografia.com.br\/wp2\/#\/schema\/logo\/image\/","url":"http:\/\/infinitofotografia.com.br\/wp2\/wp-content\/uploads\/2018\/06\/infinito_fotografia_logo_home.png","contentUrl":"http:\/\/infinitofotografia.com.br\/wp2\/wp-content\/uploads\/2018\/06\/infinito_fotografia_logo_home.png","width":150,"height":27,"caption":"Infinito Fotografia"},"image":{"@id":"http:\/\/infinitofotografia.com.br\/wp2\/#\/schema\/logo\/image\/"},"sameAs":["https:\/\/www.facebook.com\/infinitophotografia\/","https:\/\/www.instagram.com\/infinito_fotografia\/?hl=pt-br"]}]}},"_links":{"self":[{"href":"http:\/\/infinitofotografia.com.br\/wp2\/wp-json\/wp\/v2\/pages\/12","targetHints":{"allow":["GET"]}}],"collection":[{"href":"http:\/\/infinitofotografia.com.br\/wp2\/wp-json\/wp\/v2\/pages"}],"about":[{"href":"http:\/\/infinitofotografia.com.br\/wp2\/wp-json\/wp\/v2\/types\/page"}],"author":[{"embeddable":true,"href":"http:\/\/infinitofotografia.com.br\/wp2\/wp-json\/wp\/v2\/users\/1"}],"replies":[{"embeddable":true,"href":"http:\/\/infinitofotografia.com.br\/wp2\/wp-json\/wp\/v2\/comments?post=12"}],"version-history":[{"count":10,"href":"http:\/\/infinitofotografia.com.br\/wp2\/wp-json\/wp\/v2\/pages\/12\/revisions"}],"predecessor-version":[{"id":356,"href":"http:\/\/infinitofotografia.com.br\/wp2\/wp-json\/wp\/v2\/pages\/12\/revisions\/356"}],"wp:featuredmedia":[{"embeddable":true,"href":"http:\/\/infinitofotografia.com.br\/wp2\/wp-json\/wp\/v2\/media\/286"}],"wp:attachment":[{"href":"http:\/\/infinitofotografia.com.br\/wp2\/wp-json\/wp\/v2\/media?parent=12"}],"curies":[{"name":"wp","href":"https:\/\/api.w.org\/{rel}","templated":true}]}}