{"id":1106,"date":"2018-10-16T18:23:54","date_gmt":"2018-10-16T18:23:54","guid":{"rendered":"http:\/\/infinitofotografia.com.br\/wp2\/?page_id=1106"},"modified":"2018-10-16T18:59:48","modified_gmt":"2018-10-16T18:59:48","slug":"if-shop","status":"publish","type":"page","link":"http:\/\/infinitofotografia.com.br\/wp2\/if-shop\/","title":{"rendered":"IF &#8211; Shop"},"content":{"rendered":"<h3>Ol\u00e1!<\/h3>\n<h3>Agora voc\u00ea pode comprar produtos de interesse fotogr\u00e1fico e audio visual novos e usados diretamente em nossos an\u00fancios do Mercado Livre, com a garantia do Mercado Pago.<\/h3>\n<h3>Antes de comprar fa\u00e7a perguntas e tire suas duvidas.&nbsp;<\/h3>\n<p>&nbsp;<\/p>\n<h3 class=\"itemsPrimaryInfo \"><a class=\"itemsTitle\" href=\"https:\/\/produto.mercadolivre.com.br\/MLB-1099813893-mini-caixa-som-portatil-bluetooth-mp3-fm-sd-usb-aux-_JM\" target=\"_blank\" rel=\"noopener\">Mini Caixa Som Port\u00e1til Bluetooth Mp3 Fm Sd Usb Aux&nbsp;<\/a><\/h3>\n<p><a href=\"https:\/\/produto.mercadolivre.com.br\/MLB-1099813893-mini-caixa-som-portatil-bluetooth-mp3-fm-sd-usb-aux-_JM\" target=\"_blank\" rel=\"noopener\"><img decoding=\"async\" src=\"https:\/\/http2.mlstatic.com\/mini-caixa-som-portatil-bluetooth-mp3-fm-sd-usb-aux-D_NQ_NP_821421-MLB28136138340_092018-O.webp\" alt=\"mini caixa som port\u00c3\u00a1til bluetooth mp3 fm sd usb aux\"><\/a><\/p>\n<p><a href=\"https:\/\/produto.mercadolivre.com.br\/MLB-1099813893-mini-caixa-som-portatil-bluetooth-mp3-fm-sd-usb-aux-_JM\" target=\"_blank\" rel=\"noopener\"><strong>Clique para obter mais informa\u00e7\u00f5es e comprar<\/strong><\/a><\/p>\n<p>&nbsp;<\/p>\n<h3 class=\"itemsPrimaryInfo \"><a href=\"https:\/\/produto.mercadolivre.com.br\/MLB-997728724-projetor-super-8-tacnon-sound-606-na-caixa-oferta-_JM\" target=\"_blank\" rel=\"noopener\">Vintage &#8211; Projetor Super 8 &#8211; Tacnon Sound 606 &#8211; Na Caixa &#8211; Oferta!<\/a><\/h3>\n<p><a href=\"https:\/\/produto.mercadolivre.com.br\/MLB-997728724-projetor-super-8-tacnon-sound-606-na-caixa-oferta-_JM\" target=\"_blank\" rel=\"noopener\"><img loading=\"lazy\" decoding=\"async\" class=\"\" src=\"https:\/\/http2.mlstatic.com\/projetor-super-8-tacnon-sound-606-na-caixa-oferta-D_NQ_NP_640429-MLB27048873219_032018-F.webp\" width=\"513\" height=\"416\"><\/a><\/p>\n<p><a href=\"https:\/\/produto.mercadolivre.com.br\/MLB-997728724-projetor-super-8-tacnon-sound-606-na-caixa-oferta-_JM\" target=\"_blank\" rel=\"noopener\"><strong>Clique para obter mais informa\u00e7\u00f5es e comprar<\/strong><\/a><\/p>\n<p>&nbsp;<\/p>\n<h3 class=\"itemsPrimaryInfo \"><a class=\"itemsTitle\" href=\"https:\/\/produto.mercadolivre.com.br\/MLB-1097163417-pau-de-selfie-com-bluetooth-_JM\" target=\"_blank\" rel=\"noopener\">Pau De Selfie Com Bluetooth<\/a><\/h3>\n<p><a href=\"https:\/\/produto.mercadolivre.com.br\/MLB-1097163417-pau-de-selfie-com-bluetooth-_JM\" target=\"_blank\" rel=\"noopener\"><img decoding=\"async\" src=\"https:\/\/http2.mlstatic.com\/pau-de-selfie-com-bluetooth-D_NQ_NP_968884-MLB28097958347_092018-O.webp\" alt=\"pau de selfie com bluetooth\"><\/a><\/p>\n<p><a href=\"https:\/\/produto.mercadolivre.com.br\/MLB-1097163417-pau-de-selfie-com-bluetooth-_JM\" target=\"_blank\" rel=\"noopener\"><strong>Clique para obter mais informa\u00e7\u00f5es e comprar<\/strong><\/a><\/p>\n<p>&nbsp;<\/p>\n<h3 class=\"itemsPrimaryInfo \"><a class=\"itemsTitle\" href=\"https:\/\/produto.mercadolivre.com.br\/MLB-997700378-filmadora-super-8-chinon-806sm-frete-gratis-_JM\" target=\"_blank\" rel=\"noopener\">Filmadora Super 8 Chinon 806sm &#8211; Frete Gr\u00e1tis<\/a><\/h3>\n<p><a href=\"https:\/\/produto.mercadolivre.com.br\/MLB-997700378-filmadora-super-8-chinon-806sm-frete-gratis-_JM\" target=\"_blank\" rel=\"noopener\"><img loading=\"lazy\" decoding=\"async\" class=\"\" src=\"https:\/\/http2.mlstatic.com\/filmadora-super-8-chinon-806sm-frete-gratis-D_NQ_NP_782934-MLB27048564991_032018-F.webp\" width=\"464\" height=\"308\"><\/a><\/p>\n<p><a href=\"https:\/\/produto.mercadolivre.com.br\/MLB-997700378-filmadora-super-8-chinon-806sm-frete-gratis-_JM\" target=\"_blank\" rel=\"noopener\"><strong>Clique para obter mais informa\u00e7\u00f5es e comprar<\/strong><\/a><\/p>\n<p>&nbsp;<\/p>\n<h3 class=\"itemsPrimaryInfo \"><a class=\"itemsTitle\" href=\"https:\/\/produto.mercadolivre.com.br\/MLB-1097132833-mini-tripe-flexivel-octopus-suporta-celular-go-pro-cmeras-_JM\" target=\"_blank\" rel=\"noopener\">Mini Trip\u00e9 Flex\u00edvel Octopus Suporta Celular Go Pro C\u00e2meras<\/a><\/h3>\n<p><a href=\"https:\/\/produto.mercadolivre.com.br\/MLB-1097132833-mini-tripe-flexivel-octopus-suporta-celular-go-pro-cmeras-_JM\" target=\"_blank\" rel=\"noopener\"><img decoding=\"async\" src=\"https:\/\/http2.mlstatic.com\/mini-tripe-flexivel-octopus-suporta-celular-go-pro-cmeras-D_NQ_NP_897973-MLB28097505138_092018-O.webp\" alt=\"mini trip\u00c3\u00a9 flex\u00c3\u00advel octopus suporta celular go pro c\u00c3\u00a2meras\"><\/a><\/p>\n<p><a href=\"https:\/\/produto.mercadolivre.com.br\/MLB-1097132833-mini-tripe-flexivel-octopus-suporta-celular-go-pro-cmeras-_JM\" target=\"_blank\" rel=\"noopener\"><strong>Clique para obter mais informa\u00e7\u00f5es e comprar<\/strong><\/a><\/p>\n<p>&nbsp;<\/p>\n<h3 class=\"itemsPrimaryInfo \"><a class=\"itemsTitle\" href=\"https:\/\/produto.mercadolivre.com.br\/MLB-1096805557-mini-fone-de-ouvido-bluetooth-503-tf-academia-promoco-_JM\" target=\"_blank\" rel=\"noopener\">Mini Fone De Ouvido Bluetooth 503-tf Academia &#8211; Promo\u00e7\u00e3o!<\/a><\/h3>\n<p><a href=\"https:\/\/produto.mercadolivre.com.br\/MLB-1096805557-mini-fone-de-ouvido-bluetooth-503-tf-academia-promoco-_JM\" target=\"_blank\" rel=\"noopener\"><img loading=\"lazy\" decoding=\"async\" class=\"\" src=\"https:\/\/http2.mlstatic.com\/mini-fone-de-ouvido-bluetooth-503-tf-academia-promoco-D_NQ_NP_604746-MLB28093841684_092018-F.webp\" width=\"487\" height=\"487\"><\/a><\/p>\n<p><a href=\"https:\/\/produto.mercadolivre.com.br\/MLB-1096805557-mini-fone-de-ouvido-bluetooth-503-tf-academia-promoco-_JM\" target=\"_blank\" rel=\"noopener\"><strong>Clique para obter mais informa\u00e7\u00f5es e comprar<\/strong><\/a><\/p>\n","protected":false},"excerpt":{"rendered":"<p>Ol\u00e1! Agora voc\u00ea pode comprar produtos de interesse fotogr\u00e1fico e audio visual novos e usados diretamente em nossos an\u00fancios do Mercado Livre, com a garantia do Mercado Pago. Antes de comprar fa\u00e7a perguntas e tire suas duvidas.&nbsp; &nbsp; Mini Caixa Som Port\u00e1til Bluetooth Mp3 Fm Sd Usb Aux&nbsp; Clique para obter mais informa\u00e7\u00f5es e comprar [&hellip;]<\/p>\n","protected":false},"author":1,"featured_media":0,"parent":0,"menu_order":0,"comment_status":"closed","ping_status":"closed","template":"","meta":{"footnotes":""},"class_list":["post-1106","page","type-page","status-publish","hentry"],"yoast_head":"<!-- This site is optimized with the Yoast SEO plugin v27.6 - https:\/\/yoast.com\/product\/yoast-seo-wordpress\/ -->\n<title>IF - Shop &#8902; Infinito Fotografia<\/title>\n<meta name=\"robots\" content=\"index, follow, max-snippet:-1, max-image-preview:large, max-video-preview:-1\" \/>\n<link rel=\"canonical\" href=\"http:\/\/infinitofotografia.com.br\/wp2\/if-shop\/\" \/>\n<meta property=\"og:locale\" content=\"pt_PT\" \/>\n<meta property=\"og:type\" content=\"article\" \/>\n<meta property=\"og:title\" content=\"IF - Shop &#8902; Infinito Fotografia\" \/>\n<meta property=\"og:description\" content=\"Ol\u00e1! Agora voc\u00ea pode comprar produtos de interesse fotogr\u00e1fico e audio visual novos e usados diretamente em nossos an\u00fancios do Mercado Livre, com a garantia do Mercado Pago. Antes de comprar fa\u00e7a perguntas e tire suas duvidas.&nbsp; &nbsp; Mini Caixa Som Port\u00e1til Bluetooth Mp3 Fm Sd Usb Aux&nbsp; Clique para obter mais informa\u00e7\u00f5es e comprar [&hellip;]\" \/>\n<meta property=\"og:url\" content=\"http:\/\/infinitofotografia.com.br\/wp2\/if-shop\/\" \/>\n<meta property=\"og:site_name\" content=\"Infinito Fotografia\" \/>\n<meta property=\"article:publisher\" content=\"https:\/\/www.facebook.com\/infinitophotografia\/\" \/>\n<meta property=\"article:modified_time\" content=\"2018-10-16T18:59:48+00:00\" \/>\n<meta property=\"og:image\" content=\"https:\/\/http2.mlstatic.com\/mini-caixa-som-portatil-bluetooth-mp3-fm-sd-usb-aux-D_NQ_NP_821421-MLB28136138340_092018-O.webp\" \/>\n<meta name=\"twitter:card\" content=\"summary_large_image\" \/>\n<meta name=\"twitter:label1\" content=\"Tempo estimado de leitura\" \/>\n\t<meta name=\"twitter:data1\" content=\"1 minuto\" \/>\n<script type=\"application\/ld+json\" class=\"yoast-schema-graph\">{\"@context\":\"https:\\\/\\\/schema.org\",\"@graph\":[{\"@type\":\"WebPage\",\"@id\":\"http:\\\/\\\/infinitofotografia.com.br\\\/wp2\\\/if-shop\\\/\",\"url\":\"http:\\\/\\\/infinitofotografia.com.br\\\/wp2\\\/if-shop\\\/\",\"name\":\"IF - Shop &#8902; Infinito Fotografia\",\"isPartOf\":{\"@id\":\"http:\\\/\\\/infinitofotografia.com.br\\\/wp2\\\/#website\"},\"primaryImageOfPage\":{\"@id\":\"http:\\\/\\\/infinitofotografia.com.br\\\/wp2\\\/if-shop\\\/#primaryimage\"},\"image\":{\"@id\":\"http:\\\/\\\/infinitofotografia.com.br\\\/wp2\\\/if-shop\\\/#primaryimage\"},\"thumbnailUrl\":\"https:\\\/\\\/http2.mlstatic.com\\\/mini-caixa-som-portatil-bluetooth-mp3-fm-sd-usb-aux-D_NQ_NP_821421-MLB28136138340_092018-O.webp\",\"datePublished\":\"2018-10-16T18:23:54+00:00\",\"dateModified\":\"2018-10-16T18:59:48+00:00\",\"breadcrumb\":{\"@id\":\"http:\\\/\\\/infinitofotografia.com.br\\\/wp2\\\/if-shop\\\/#breadcrumb\"},\"inLanguage\":\"pt-PT\",\"potentialAction\":[{\"@type\":\"ReadAction\",\"target\":[\"http:\\\/\\\/infinitofotografia.com.br\\\/wp2\\\/if-shop\\\/\"]}]},{\"@type\":\"ImageObject\",\"inLanguage\":\"pt-PT\",\"@id\":\"http:\\\/\\\/infinitofotografia.com.br\\\/wp2\\\/if-shop\\\/#primaryimage\",\"url\":\"https:\\\/\\\/http2.mlstatic.com\\\/mini-caixa-som-portatil-bluetooth-mp3-fm-sd-usb-aux-D_NQ_NP_821421-MLB28136138340_092018-O.webp\",\"contentUrl\":\"https:\\\/\\\/http2.mlstatic.com\\\/mini-caixa-som-portatil-bluetooth-mp3-fm-sd-usb-aux-D_NQ_NP_821421-MLB28136138340_092018-O.webp\"},{\"@type\":\"BreadcrumbList\",\"@id\":\"http:\\\/\\\/infinitofotografia.com.br\\\/wp2\\\/if-shop\\\/#breadcrumb\",\"itemListElement\":[{\"@type\":\"ListItem\",\"position\":1,\"name\":\"In\u00edcio\",\"item\":\"http:\\\/\\\/infinitofotografia.com.br\\\/wp2\\\/\"},{\"@type\":\"ListItem\",\"position\":2,\"name\":\"IF &#8211; Shop\"}]},{\"@type\":\"WebSite\",\"@id\":\"http:\\\/\\\/infinitofotografia.com.br\\\/wp2\\\/#website\",\"url\":\"http:\\\/\\\/infinitofotografia.com.br\\\/wp2\\\/\",\"name\":\"Infinito Fotografia\",\"description\":\"\",\"publisher\":{\"@id\":\"http:\\\/\\\/infinitofotografia.com.br\\\/wp2\\\/#organization\"},\"potentialAction\":[{\"@type\":\"SearchAction\",\"target\":{\"@type\":\"EntryPoint\",\"urlTemplate\":\"http:\\\/\\\/infinitofotografia.com.br\\\/wp2\\\/?s={search_term_string}\"},\"query-input\":{\"@type\":\"PropertyValueSpecification\",\"valueRequired\":true,\"valueName\":\"search_term_string\"}}],\"inLanguage\":\"pt-PT\"},{\"@type\":\"Organization\",\"@id\":\"http:\\\/\\\/infinitofotografia.com.br\\\/wp2\\\/#organization\",\"name\":\"Infinito Fotografia\",\"url\":\"http:\\\/\\\/infinitofotografia.com.br\\\/wp2\\\/\",\"logo\":{\"@type\":\"ImageObject\",\"inLanguage\":\"pt-PT\",\"@id\":\"http:\\\/\\\/infinitofotografia.com.br\\\/wp2\\\/#\\\/schema\\\/logo\\\/image\\\/\",\"url\":\"http:\\\/\\\/infinitofotografia.com.br\\\/wp2\\\/wp-content\\\/uploads\\\/2018\\\/06\\\/infinito_fotografia_logo_home.png\",\"contentUrl\":\"http:\\\/\\\/infinitofotografia.com.br\\\/wp2\\\/wp-content\\\/uploads\\\/2018\\\/06\\\/infinito_fotografia_logo_home.png\",\"width\":150,\"height\":27,\"caption\":\"Infinito Fotografia\"},\"image\":{\"@id\":\"http:\\\/\\\/infinitofotografia.com.br\\\/wp2\\\/#\\\/schema\\\/logo\\\/image\\\/\"},\"sameAs\":[\"https:\\\/\\\/www.facebook.com\\\/infinitophotografia\\\/\",\"https:\\\/\\\/www.instagram.com\\\/infinito_fotografia\\\/?hl=pt-br\"]}]}<\/script>\n<!-- \/ Yoast SEO plugin. -->","yoast_head_json":{"title":"IF - Shop &#8902; Infinito Fotografia","robots":{"index":"index","follow":"follow","max-snippet":"max-snippet:-1","max-image-preview":"max-image-preview:large","max-video-preview":"max-video-preview:-1"},"canonical":"http:\/\/infinitofotografia.com.br\/wp2\/if-shop\/","og_locale":"pt_PT","og_type":"article","og_title":"IF - Shop &#8902; Infinito Fotografia","og_description":"Ol\u00e1! Agora voc\u00ea pode comprar produtos de interesse fotogr\u00e1fico e audio visual novos e usados diretamente em nossos an\u00fancios do Mercado Livre, com a garantia do Mercado Pago. Antes de comprar fa\u00e7a perguntas e tire suas duvidas.&nbsp; &nbsp; Mini Caixa Som Port\u00e1til Bluetooth Mp3 Fm Sd Usb Aux&nbsp; Clique para obter mais informa\u00e7\u00f5es e comprar [&hellip;]","og_url":"http:\/\/infinitofotografia.com.br\/wp2\/if-shop\/","og_site_name":"Infinito Fotografia","article_publisher":"https:\/\/www.facebook.com\/infinitophotografia\/","article_modified_time":"2018-10-16T18:59:48+00:00","og_image":[{"url":"https:\/\/http2.mlstatic.com\/mini-caixa-som-portatil-bluetooth-mp3-fm-sd-usb-aux-D_NQ_NP_821421-MLB28136138340_092018-O.webp","type":"","width":"","height":""}],"twitter_card":"summary_large_image","twitter_misc":{"Tempo estimado de leitura":"1 minuto"},"schema":{"@context":"https:\/\/schema.org","@graph":[{"@type":"WebPage","@id":"http:\/\/infinitofotografia.com.br\/wp2\/if-shop\/","url":"http:\/\/infinitofotografia.com.br\/wp2\/if-shop\/","name":"IF - Shop &#8902; Infinito Fotografia","isPartOf":{"@id":"http:\/\/infinitofotografia.com.br\/wp2\/#website"},"primaryImageOfPage":{"@id":"http:\/\/infinitofotografia.com.br\/wp2\/if-shop\/#primaryimage"},"image":{"@id":"http:\/\/infinitofotografia.com.br\/wp2\/if-shop\/#primaryimage"},"thumbnailUrl":"https:\/\/http2.mlstatic.com\/mini-caixa-som-portatil-bluetooth-mp3-fm-sd-usb-aux-D_NQ_NP_821421-MLB28136138340_092018-O.webp","datePublished":"2018-10-16T18:23:54+00:00","dateModified":"2018-10-16T18:59:48+00:00","breadcrumb":{"@id":"http:\/\/infinitofotografia.com.br\/wp2\/if-shop\/#breadcrumb"},"inLanguage":"pt-PT","potentialAction":[{"@type":"ReadAction","target":["http:\/\/infinitofotografia.com.br\/wp2\/if-shop\/"]}]},{"@type":"ImageObject","inLanguage":"pt-PT","@id":"http:\/\/infinitofotografia.com.br\/wp2\/if-shop\/#primaryimage","url":"https:\/\/http2.mlstatic.com\/mini-caixa-som-portatil-bluetooth-mp3-fm-sd-usb-aux-D_NQ_NP_821421-MLB28136138340_092018-O.webp","contentUrl":"https:\/\/http2.mlstatic.com\/mini-caixa-som-portatil-bluetooth-mp3-fm-sd-usb-aux-D_NQ_NP_821421-MLB28136138340_092018-O.webp"},{"@type":"BreadcrumbList","@id":"http:\/\/infinitofotografia.com.br\/wp2\/if-shop\/#breadcrumb","itemListElement":[{"@type":"ListItem","position":1,"name":"In\u00edcio","item":"http:\/\/infinitofotografia.com.br\/wp2\/"},{"@type":"ListItem","position":2,"name":"IF &#8211; Shop"}]},{"@type":"WebSite","@id":"http:\/\/infinitofotografia.com.br\/wp2\/#website","url":"http:\/\/infinitofotografia.com.br\/wp2\/","name":"Infinito Fotografia","description":"","publisher":{"@id":"http:\/\/infinitofotografia.com.br\/wp2\/#organization"},"potentialAction":[{"@type":"SearchAction","target":{"@type":"EntryPoint","urlTemplate":"http:\/\/infinitofotografia.com.br\/wp2\/?s={search_term_string}"},"query-input":{"@type":"PropertyValueSpecification","valueRequired":true,"valueName":"search_term_string"}}],"inLanguage":"pt-PT"},{"@type":"Organization","@id":"http:\/\/infinitofotografia.com.br\/wp2\/#organization","name":"Infinito Fotografia","url":"http:\/\/infinitofotografia.com.br\/wp2\/","logo":{"@type":"ImageObject","inLanguage":"pt-PT","@id":"http:\/\/infinitofotografia.com.br\/wp2\/#\/schema\/logo\/image\/","url":"http:\/\/infinitofotografia.com.br\/wp2\/wp-content\/uploads\/2018\/06\/infinito_fotografia_logo_home.png","contentUrl":"http:\/\/infinitofotografia.com.br\/wp2\/wp-content\/uploads\/2018\/06\/infinito_fotografia_logo_home.png","width":150,"height":27,"caption":"Infinito Fotografia"},"image":{"@id":"http:\/\/infinitofotografia.com.br\/wp2\/#\/schema\/logo\/image\/"},"sameAs":["https:\/\/www.facebook.com\/infinitophotografia\/","https:\/\/www.instagram.com\/infinito_fotografia\/?hl=pt-br"]}]}},"_links":{"self":[{"href":"http:\/\/infinitofotografia.com.br\/wp2\/wp-json\/wp\/v2\/pages\/1106","targetHints":{"allow":["GET"]}}],"collection":[{"href":"http:\/\/infinitofotografia.com.br\/wp2\/wp-json\/wp\/v2\/pages"}],"about":[{"href":"http:\/\/infinitofotografia.com.br\/wp2\/wp-json\/wp\/v2\/types\/page"}],"author":[{"embeddable":true,"href":"http:\/\/infinitofotografia.com.br\/wp2\/wp-json\/wp\/v2\/users\/1"}],"replies":[{"embeddable":true,"href":"http:\/\/infinitofotografia.com.br\/wp2\/wp-json\/wp\/v2\/comments?post=1106"}],"version-history":[{"count":7,"href":"http:\/\/infinitofotografia.com.br\/wp2\/wp-json\/wp\/v2\/pages\/1106\/revisions"}],"predecessor-version":[{"id":1115,"href":"http:\/\/infinitofotografia.com.br\/wp2\/wp-json\/wp\/v2\/pages\/1106\/revisions\/1115"}],"wp:attachment":[{"href":"http:\/\/infinitofotografia.com.br\/wp2\/wp-json\/wp\/v2\/media?parent=1106"}],"curies":[{"name":"wp","href":"https:\/\/api.w.org\/{rel}","templated":true}]}}