{"id":110,"date":"2018-07-11T14:25:28","date_gmt":"2018-07-11T14:25:28","guid":{"rendered":"http:\/\/infinitofotografia.com.br\/wp2\/?page_id=110"},"modified":"2018-10-16T19:36:41","modified_gmt":"2018-10-16T19:36:41","slug":"pets-e-natureza-2","status":"publish","type":"page","link":"http:\/\/infinitofotografia.com.br\/wp2\/servicos\/pets-e-natureza-2\/","title":{"rendered":"Pets e Natureza"},"content":{"rendered":"<blockquote>\n<h3 style=\"text-align: justify;\"><em><strong>&nbsp;<\/strong><\/em><\/h3>\n<h3 style=\"text-align: justify;\"><span style=\"color: #993300;\"><em><strong>Pets, animais silvestres ou a beleza do campo e do litoral.&nbsp;<\/strong><\/em><em><strong>Temos o fot\u00f3grafo certo para efetuar o servi\u00e7o e es<\/strong><\/em><em><strong>tamo<\/strong><\/em><\/span><span style=\"color: #993300;\"><em><strong>s aptos para fotografar com o melhor resultado.&nbsp;<\/strong><\/em><\/span><\/h3>\n<\/blockquote>\n<p><!--more--><\/p>\n<p><em><img loading=\"lazy\" decoding=\"async\" class=\"alignleft wp-image-112\" src=\"http:\/\/infinitofotografia.com.br\/wp2\/wp-content\/uploads\/2018\/06\/Infinito_fotografia_by_EricoMabellini_001-e1530272876384.jpg\" alt=\"Pets, animais silvestres ou a natureza do campo e do litoral. Estamos aptos para fotografar com o melhor resultado.\" width=\"197\" height=\"131\"><strong>Natureza<\/strong><\/em><strong> &#8211; Precisa de um ensaio de natureza ou de animais silvestres para a sua ONG, seu folheto de turismo ou revista. <\/strong><\/p>\n<p><strong>Entre em <a href=\"http:\/\/infinitofotografia.com.br\/wp2\/contato\/\">contato<\/a> conosco!<\/strong><\/p>\n<p>&nbsp;<\/p>\n<p>[ngg_images source=&#8221;albums&#8221; container_ids=&#8221;2&#8243; display_type=&#8221;photocrati-nextgen_basic_extended_album&#8221; gallery_display_type=&#8221;photocrati-nextgen_basic_thumbnails&#8221; galleries_per_page=&#8221;5&#8243; enable_breadcrumbs=&#8221;1&#8243; template=&#8221;\/home\/sucessoinfinito\/public_html\/wp2\/wp-content\/plugins\/nextgen-gallery\/products\/photocrati_nextgen\/modules\/ngglegacy\/view\/album-extend.php&#8221; enable_descriptions=&#8221;1&#8243; override_thumbnail_settings=&#8221;1&#8243; thumbnail_width=&#8221;240&#8243; thumbnail_height=&#8221;160&#8243; thumbnail_crop=&#8221;1&#8243; order_by=&#8221;sortorder&#8221; order_direction=&#8221;ASC&#8221; returns=&#8221;included&#8221; maximum_entity_count=&#8221;500&#8243;]<\/p>\n<p>&nbsp;<\/p>\n<p><em><strong><a class=\"ngg-fancybox\" title=\" \" href=\"http:\/\/infinitofotografia.com.br\/wp2\/wp-content\/gallery\/pets\/Pets_009_by_EricoMabellini_IF.jpg\" rel=\"\" data-image-id=\"135\" data-src=\"http:\/\/infinitofotografia.com.br\/wp2\/wp-content\/gallery\/pets\/Pets_009_by_EricoMabellini_IF.jpg\" data-thumbnail=\"http:\/\/infinitofotografia.com.br\/wp2\/wp-content\/gallery\/pets\/thumbs\/thumbs_Pets_009_by_EricoMabellini_IF.jpg\" data-title=\"Pets_009_by_EricoMabellini_IF\" data-description=\" \"><img loading=\"lazy\" decoding=\"async\" class=\"ngg-singlepic ngg-none alignleft\" src=\"http:\/\/infinitofotografia.com.br\/wp2\/wp-content\/gallery\/pets\/thumbs\/thumbs_Pets_009_by_EricoMabellini_IF.jpg\" alt=\"Pets_009_by_EricoMabellini_IF\" width=\"197\" height=\"131\"><\/a>Pets<\/strong><\/em><strong>&nbsp;&#8211; Entre em <a href=\"http:\/\/infinitofotografia.com.br\/wp2\/contato\/\">contato<\/a> conosco e iremos at\u00e9 voc\u00ea para fotografar o seu pet sem qualquer estresse para o bichinho. Fotografamos o animal no local onde ele est\u00e1 acostumado a viver e levamos ilumina\u00e7\u00e3o continua ou flash rebatido para n\u00e3o ofuscar o animal. Id\u00e9ias e valores especiais para Petshops.<\/strong><\/p>\n<p>&nbsp;<\/p>\n<p>[ngg_images source=&#8221;albums&#8221; container_ids=&#8221;6&#8243; display_type=&#8221;photocrati-nextgen_basic_extended_album&#8221; gallery_display_type=&#8221;photocrati-nextgen_basic_thumbnails&#8221; galleries_per_page=&#8221;0&#8243; enable_breadcrumbs=&#8221;1&#8243; template=&#8221;\/home\/sucessoinfinito\/public_html\/wp2\/wp-content\/plugins\/nextgen-gallery\/products\/photocrati_nextgen\/modules\/ngglegacy\/view\/album-extend.php&#8221; enable_descriptions=&#8221;1&#8243; override_thumbnail_settings=&#8221;1&#8243; thumbnail_width=&#8221;240&#8243; thumbnail_height=&#8221;160&#8243; thumbnail_crop=&#8221;1&#8243; order_by=&#8221;sortorder&#8221; order_direction=&#8221;ASC&#8221; returns=&#8221;included&#8221; maximum_entity_count=&#8221;500&#8243;]<\/p>\n","protected":false},"excerpt":{"rendered":"<p>&nbsp; Pets, animais silvestres ou a beleza do campo e do litoral.&nbsp;Temos o fot\u00f3grafo certo para efetuar o servi\u00e7o e estamos aptos para fotografar com o melhor resultado.&nbsp;<\/p>\n","protected":false},"author":1,"featured_media":112,"parent":19,"menu_order":0,"comment_status":"closed","ping_status":"closed","template":"","meta":{"footnotes":""},"class_list":["post-110","page","type-page","status-publish","has-post-thumbnail","hentry"],"yoast_head":"<!-- This site is optimized with the Yoast SEO plugin v27.5 - https:\/\/yoast.com\/product\/yoast-seo-wordpress\/ -->\n<title>Pets e Natureza &#8902; Infinito Fotografia<\/title>\n<meta name=\"robots\" content=\"index, follow, max-snippet:-1, max-image-preview:large, max-video-preview:-1\" \/>\n<link rel=\"canonical\" href=\"http:\/\/infinitofotografia.com.br\/wp2\/servicos\/pets-e-natureza-2\/\" \/>\n<meta property=\"og:locale\" content=\"pt_PT\" \/>\n<meta property=\"og:type\" content=\"article\" \/>\n<meta property=\"og:title\" content=\"Pets e Natureza &#8902; Infinito Fotografia\" \/>\n<meta property=\"og:description\" content=\"&nbsp; Pets, animais silvestres ou a beleza do campo e do litoral.&nbsp;Temos o fot\u00f3grafo certo para efetuar o servi\u00e7o e estamos aptos para fotografar com o melhor resultado.&nbsp;\" \/>\n<meta property=\"og:url\" content=\"http:\/\/infinitofotografia.com.br\/wp2\/servicos\/pets-e-natureza-2\/\" \/>\n<meta property=\"og:site_name\" content=\"Infinito Fotografia\" \/>\n<meta property=\"article:publisher\" content=\"https:\/\/www.facebook.com\/infinitophotografia\/\" \/>\n<meta property=\"article:modified_time\" content=\"2018-10-16T19:36:41+00:00\" \/>\n<meta property=\"og:image\" content=\"http:\/\/infinitofotografia.com.br\/wp2\/wp-content\/uploads\/2018\/06\/Infinito_fotografia_by_EricoMabellini_001-e1530272876384.jpg\" \/>\n\t<meta property=\"og:image:width\" content=\"350\" \/>\n\t<meta property=\"og:image:height\" content=\"233\" \/>\n\t<meta property=\"og:image:type\" content=\"image\/jpeg\" \/>\n<meta name=\"twitter:card\" content=\"summary_large_image\" \/>\n<meta name=\"twitter:label1\" content=\"Tempo estimado de leitura\" \/>\n\t<meta name=\"twitter:data1\" content=\"1 minuto\" \/>\n<script type=\"application\/ld+json\" class=\"yoast-schema-graph\">{\"@context\":\"https:\\\/\\\/schema.org\",\"@graph\":[{\"@type\":\"WebPage\",\"@id\":\"http:\\\/\\\/infinitofotografia.com.br\\\/wp2\\\/servicos\\\/pets-e-natureza-2\\\/\",\"url\":\"http:\\\/\\\/infinitofotografia.com.br\\\/wp2\\\/servicos\\\/pets-e-natureza-2\\\/\",\"name\":\"Pets e Natureza &#8902; Infinito Fotografia\",\"isPartOf\":{\"@id\":\"http:\\\/\\\/infinitofotografia.com.br\\\/wp2\\\/#website\"},\"primaryImageOfPage\":{\"@id\":\"http:\\\/\\\/infinitofotografia.com.br\\\/wp2\\\/servicos\\\/pets-e-natureza-2\\\/#primaryimage\"},\"image\":{\"@id\":\"http:\\\/\\\/infinitofotografia.com.br\\\/wp2\\\/servicos\\\/pets-e-natureza-2\\\/#primaryimage\"},\"thumbnailUrl\":\"http:\\\/\\\/infinitofotografia.com.br\\\/wp2\\\/wp-content\\\/uploads\\\/2018\\\/06\\\/Infinito_fotografia_by_EricoMabellini_001-e1530272876384.jpg\",\"datePublished\":\"2018-07-11T14:25:28+00:00\",\"dateModified\":\"2018-10-16T19:36:41+00:00\",\"breadcrumb\":{\"@id\":\"http:\\\/\\\/infinitofotografia.com.br\\\/wp2\\\/servicos\\\/pets-e-natureza-2\\\/#breadcrumb\"},\"inLanguage\":\"pt-PT\",\"potentialAction\":[{\"@type\":\"ReadAction\",\"target\":[\"http:\\\/\\\/infinitofotografia.com.br\\\/wp2\\\/servicos\\\/pets-e-natureza-2\\\/\"]}]},{\"@type\":\"ImageObject\",\"inLanguage\":\"pt-PT\",\"@id\":\"http:\\\/\\\/infinitofotografia.com.br\\\/wp2\\\/servicos\\\/pets-e-natureza-2\\\/#primaryimage\",\"url\":\"http:\\\/\\\/infinitofotografia.com.br\\\/wp2\\\/wp-content\\\/uploads\\\/2018\\\/06\\\/Infinito_fotografia_by_EricoMabellini_001-e1530272876384.jpg\",\"contentUrl\":\"http:\\\/\\\/infinitofotografia.com.br\\\/wp2\\\/wp-content\\\/uploads\\\/2018\\\/06\\\/Infinito_fotografia_by_EricoMabellini_001-e1530272876384.jpg\",\"width\":350,\"height\":233,\"caption\":\"Pets, animais silvestres ou a natureza do campo e do litoral. Estamos aptos para fotografar com o melhor resultado.\"},{\"@type\":\"BreadcrumbList\",\"@id\":\"http:\\\/\\\/infinitofotografia.com.br\\\/wp2\\\/servicos\\\/pets-e-natureza-2\\\/#breadcrumb\",\"itemListElement\":[{\"@type\":\"ListItem\",\"position\":1,\"name\":\"In\u00edcio\",\"item\":\"http:\\\/\\\/infinitofotografia.com.br\\\/wp2\\\/\"},{\"@type\":\"ListItem\",\"position\":2,\"name\":\"Servi\u00e7os\",\"item\":\"http:\\\/\\\/infinitofotografia.com.br\\\/wp2\\\/servicos\\\/\"},{\"@type\":\"ListItem\",\"position\":3,\"name\":\"Pets e Natureza\"}]},{\"@type\":\"WebSite\",\"@id\":\"http:\\\/\\\/infinitofotografia.com.br\\\/wp2\\\/#website\",\"url\":\"http:\\\/\\\/infinitofotografia.com.br\\\/wp2\\\/\",\"name\":\"Infinito Fotografia\",\"description\":\"\",\"publisher\":{\"@id\":\"http:\\\/\\\/infinitofotografia.com.br\\\/wp2\\\/#organization\"},\"potentialAction\":[{\"@type\":\"SearchAction\",\"target\":{\"@type\":\"EntryPoint\",\"urlTemplate\":\"http:\\\/\\\/infinitofotografia.com.br\\\/wp2\\\/?s={search_term_string}\"},\"query-input\":{\"@type\":\"PropertyValueSpecification\",\"valueRequired\":true,\"valueName\":\"search_term_string\"}}],\"inLanguage\":\"pt-PT\"},{\"@type\":\"Organization\",\"@id\":\"http:\\\/\\\/infinitofotografia.com.br\\\/wp2\\\/#organization\",\"name\":\"Infinito Fotografia\",\"url\":\"http:\\\/\\\/infinitofotografia.com.br\\\/wp2\\\/\",\"logo\":{\"@type\":\"ImageObject\",\"inLanguage\":\"pt-PT\",\"@id\":\"http:\\\/\\\/infinitofotografia.com.br\\\/wp2\\\/#\\\/schema\\\/logo\\\/image\\\/\",\"url\":\"http:\\\/\\\/infinitofotografia.com.br\\\/wp2\\\/wp-content\\\/uploads\\\/2018\\\/06\\\/infinito_fotografia_logo_home.png\",\"contentUrl\":\"http:\\\/\\\/infinitofotografia.com.br\\\/wp2\\\/wp-content\\\/uploads\\\/2018\\\/06\\\/infinito_fotografia_logo_home.png\",\"width\":150,\"height\":27,\"caption\":\"Infinito Fotografia\"},\"image\":{\"@id\":\"http:\\\/\\\/infinitofotografia.com.br\\\/wp2\\\/#\\\/schema\\\/logo\\\/image\\\/\"},\"sameAs\":[\"https:\\\/\\\/www.facebook.com\\\/infinitophotografia\\\/\",\"https:\\\/\\\/www.instagram.com\\\/infinito_fotografia\\\/?hl=pt-br\"]}]}<\/script>\n<!-- \/ Yoast SEO plugin. -->","yoast_head_json":{"title":"Pets e Natureza &#8902; Infinito Fotografia","robots":{"index":"index","follow":"follow","max-snippet":"max-snippet:-1","max-image-preview":"max-image-preview:large","max-video-preview":"max-video-preview:-1"},"canonical":"http:\/\/infinitofotografia.com.br\/wp2\/servicos\/pets-e-natureza-2\/","og_locale":"pt_PT","og_type":"article","og_title":"Pets e Natureza &#8902; Infinito Fotografia","og_description":"&nbsp; Pets, animais silvestres ou a beleza do campo e do litoral.&nbsp;Temos o fot\u00f3grafo certo para efetuar o servi\u00e7o e estamos aptos para fotografar com o melhor resultado.&nbsp;","og_url":"http:\/\/infinitofotografia.com.br\/wp2\/servicos\/pets-e-natureza-2\/","og_site_name":"Infinito Fotografia","article_publisher":"https:\/\/www.facebook.com\/infinitophotografia\/","article_modified_time":"2018-10-16T19:36:41+00:00","og_image":[{"width":350,"height":233,"url":"http:\/\/infinitofotografia.com.br\/wp2\/wp-content\/uploads\/2018\/06\/Infinito_fotografia_by_EricoMabellini_001-e1530272876384.jpg","type":"image\/jpeg"}],"twitter_card":"summary_large_image","twitter_misc":{"Tempo estimado de leitura":"1 minuto"},"schema":{"@context":"https:\/\/schema.org","@graph":[{"@type":"WebPage","@id":"http:\/\/infinitofotografia.com.br\/wp2\/servicos\/pets-e-natureza-2\/","url":"http:\/\/infinitofotografia.com.br\/wp2\/servicos\/pets-e-natureza-2\/","name":"Pets e Natureza &#8902; Infinito Fotografia","isPartOf":{"@id":"http:\/\/infinitofotografia.com.br\/wp2\/#website"},"primaryImageOfPage":{"@id":"http:\/\/infinitofotografia.com.br\/wp2\/servicos\/pets-e-natureza-2\/#primaryimage"},"image":{"@id":"http:\/\/infinitofotografia.com.br\/wp2\/servicos\/pets-e-natureza-2\/#primaryimage"},"thumbnailUrl":"http:\/\/infinitofotografia.com.br\/wp2\/wp-content\/uploads\/2018\/06\/Infinito_fotografia_by_EricoMabellini_001-e1530272876384.jpg","datePublished":"2018-07-11T14:25:28+00:00","dateModified":"2018-10-16T19:36:41+00:00","breadcrumb":{"@id":"http:\/\/infinitofotografia.com.br\/wp2\/servicos\/pets-e-natureza-2\/#breadcrumb"},"inLanguage":"pt-PT","potentialAction":[{"@type":"ReadAction","target":["http:\/\/infinitofotografia.com.br\/wp2\/servicos\/pets-e-natureza-2\/"]}]},{"@type":"ImageObject","inLanguage":"pt-PT","@id":"http:\/\/infinitofotografia.com.br\/wp2\/servicos\/pets-e-natureza-2\/#primaryimage","url":"http:\/\/infinitofotografia.com.br\/wp2\/wp-content\/uploads\/2018\/06\/Infinito_fotografia_by_EricoMabellini_001-e1530272876384.jpg","contentUrl":"http:\/\/infinitofotografia.com.br\/wp2\/wp-content\/uploads\/2018\/06\/Infinito_fotografia_by_EricoMabellini_001-e1530272876384.jpg","width":350,"height":233,"caption":"Pets, animais silvestres ou a natureza do campo e do litoral. Estamos aptos para fotografar com o melhor resultado."},{"@type":"BreadcrumbList","@id":"http:\/\/infinitofotografia.com.br\/wp2\/servicos\/pets-e-natureza-2\/#breadcrumb","itemListElement":[{"@type":"ListItem","position":1,"name":"In\u00edcio","item":"http:\/\/infinitofotografia.com.br\/wp2\/"},{"@type":"ListItem","position":2,"name":"Servi\u00e7os","item":"http:\/\/infinitofotografia.com.br\/wp2\/servicos\/"},{"@type":"ListItem","position":3,"name":"Pets e Natureza"}]},{"@type":"WebSite","@id":"http:\/\/infinitofotografia.com.br\/wp2\/#website","url":"http:\/\/infinitofotografia.com.br\/wp2\/","name":"Infinito Fotografia","description":"","publisher":{"@id":"http:\/\/infinitofotografia.com.br\/wp2\/#organization"},"potentialAction":[{"@type":"SearchAction","target":{"@type":"EntryPoint","urlTemplate":"http:\/\/infinitofotografia.com.br\/wp2\/?s={search_term_string}"},"query-input":{"@type":"PropertyValueSpecification","valueRequired":true,"valueName":"search_term_string"}}],"inLanguage":"pt-PT"},{"@type":"Organization","@id":"http:\/\/infinitofotografia.com.br\/wp2\/#organization","name":"Infinito Fotografia","url":"http:\/\/infinitofotografia.com.br\/wp2\/","logo":{"@type":"ImageObject","inLanguage":"pt-PT","@id":"http:\/\/infinitofotografia.com.br\/wp2\/#\/schema\/logo\/image\/","url":"http:\/\/infinitofotografia.com.br\/wp2\/wp-content\/uploads\/2018\/06\/infinito_fotografia_logo_home.png","contentUrl":"http:\/\/infinitofotografia.com.br\/wp2\/wp-content\/uploads\/2018\/06\/infinito_fotografia_logo_home.png","width":150,"height":27,"caption":"Infinito Fotografia"},"image":{"@id":"http:\/\/infinitofotografia.com.br\/wp2\/#\/schema\/logo\/image\/"},"sameAs":["https:\/\/www.facebook.com\/infinitophotografia\/","https:\/\/www.instagram.com\/infinito_fotografia\/?hl=pt-br"]}]}},"_links":{"self":[{"href":"http:\/\/infinitofotografia.com.br\/wp2\/wp-json\/wp\/v2\/pages\/110","targetHints":{"allow":["GET"]}}],"collection":[{"href":"http:\/\/infinitofotografia.com.br\/wp2\/wp-json\/wp\/v2\/pages"}],"about":[{"href":"http:\/\/infinitofotografia.com.br\/wp2\/wp-json\/wp\/v2\/types\/page"}],"author":[{"embeddable":true,"href":"http:\/\/infinitofotografia.com.br\/wp2\/wp-json\/wp\/v2\/users\/1"}],"replies":[{"embeddable":true,"href":"http:\/\/infinitofotografia.com.br\/wp2\/wp-json\/wp\/v2\/comments?post=110"}],"version-history":[{"count":43,"href":"http:\/\/infinitofotografia.com.br\/wp2\/wp-json\/wp\/v2\/pages\/110\/revisions"}],"predecessor-version":[{"id":1118,"href":"http:\/\/infinitofotografia.com.br\/wp2\/wp-json\/wp\/v2\/pages\/110\/revisions\/1118"}],"up":[{"embeddable":true,"href":"http:\/\/infinitofotografia.com.br\/wp2\/wp-json\/wp\/v2\/pages\/19"}],"wp:featuredmedia":[{"embeddable":true,"href":"http:\/\/infinitofotografia.com.br\/wp2\/wp-json\/wp\/v2\/media\/112"}],"wp:attachment":[{"href":"http:\/\/infinitofotografia.com.br\/wp2\/wp-json\/wp\/v2\/media?parent=110"}],"curies":[{"name":"wp","href":"https:\/\/api.w.org\/{rel}","templated":true}]}}